{"id":6341,"date":"2022-07-12T06:26:54","date_gmt":"2022-07-12T06:26:54","guid":{"rendered":"https:\/\/dev.n2.agency\/fastmotion_dev\/?page_id=6341"},"modified":"2024-08-02T10:44:13","modified_gmt":"2024-08-02T10:44:13","slug":"verklaring-gegevensbescherming","status":"publish","type":"page","link":"https:\/\/www.fastmotion.at\/nl\/datenschutzerklaerung\/","title":{"rendered":"Privacybeleid"},"content":{"rendered":"<div data-elementor-type=\"wp-page\" data-elementor-id=\"6341\" class=\"elementor elementor-6341\" data-elementor-post-type=\"page\">\n\t\t\t\t\t\t<section class=\"elementor-section elementor-top-section elementor-element elementor-element-2a5bd1e4 elementor-section-boxed elementor-section-height-default elementor-section-height-default\" data-id=\"2a5bd1e4\" data-element_type=\"section\" data-e-type=\"section\">\n\t\t\t\t\t\t<div class=\"elementor-container elementor-column-gap-wider\">\n\t\t\t\t\t<div class=\"elementor-column elementor-col-100 elementor-top-column elementor-element elementor-element-3f45c113\" data-id=\"3f45c113\" data-element_type=\"column\" data-e-type=\"column\">\n\t\t\t<div class=\"elementor-widget-wrap elementor-element-populated\">\n\t\t\t\t\t\t<div class=\"elementor-element elementor-element-ac6608e elementor-widget elementor-widget-heading\" data-id=\"ac6608e\" data-element_type=\"widget\" data-e-type=\"widget\" data-widget_type=\"heading.default\">\n\t\t\t\t<div class=\"elementor-widget-container\">\n\t\t\t\t\t<h1 class=\"elementor-heading-title elementor-size-default\">Verklaring over de informatieplicht<\/h1>\t\t\t\t<\/div>\n\t\t\t\t<\/div>\n\t\t\t\t<div class=\"elementor-element elementor-element-9680a17 elementor-widget elementor-widget-heading\" data-id=\"9680a17\" data-element_type=\"widget\" data-e-type=\"widget\" data-widget_type=\"heading.default\">\n\t\t\t\t<div class=\"elementor-widget-container\">\n\t\t\t\t\t<h4 class=\"elementor-heading-title elementor-size-small\">(Privacybeleid)<\/h4>\t\t\t\t<\/div>\n\t\t\t\t<\/div>\n\t\t\t\t<div class=\"elementor-element elementor-element-b96d792 elementor-widget elementor-widget-spacer\" data-id=\"b96d792\" data-element_type=\"widget\" data-e-type=\"widget\" data-widget_type=\"spacer.default\">\n\t\t\t\t<div class=\"elementor-widget-container\">\n\t\t\t\t\t\t\t<div class=\"elementor-spacer\">\n\t\t\t<div class=\"elementor-spacer-inner\"><\/div>\n\t\t<\/div>\n\t\t\t\t\t\t<\/div>\n\t\t\t\t<\/div>\n\t\t\t\t\t<\/div>\n\t\t<\/div>\n\t\t\t\t\t<\/div>\n\t\t<\/section>\n\t\t\t\t<section class=\"elementor-section elementor-top-section elementor-element elementor-element-7990a56b elementor-section-boxed elementor-section-height-default elementor-section-height-default\" data-id=\"7990a56b\" data-element_type=\"section\" data-e-type=\"section\">\n\t\t\t\t\t\t<div class=\"elementor-container elementor-column-gap-wider\">\n\t\t\t\t\t<div class=\"elementor-column elementor-col-100 elementor-top-column elementor-element elementor-element-278010c1\" data-id=\"278010c1\" data-element_type=\"column\" data-e-type=\"column\">\n\t\t\t<div class=\"elementor-widget-wrap elementor-element-populated\">\n\t\t\t\t\t\t<div class=\"elementor-element elementor-element-acf61da elementor-widget elementor-widget-spacer\" data-id=\"acf61da\" data-element_type=\"widget\" data-e-type=\"widget\" data-widget_type=\"spacer.default\">\n\t\t\t\t<div class=\"elementor-widget-container\">\n\t\t\t\t\t\t\t<div class=\"elementor-spacer\">\n\t\t\t<div class=\"elementor-spacer-inner\"><\/div>\n\t\t<\/div>\n\t\t\t\t\t\t<\/div>\n\t\t\t\t<\/div>\n\t\t\t\t<div class=\"elementor-element elementor-element-7b3cfad2 elementor-widget elementor-widget-text-editor\" data-id=\"7b3cfad2\" data-element_type=\"widget\" data-e-type=\"widget\" data-widget_type=\"text-editor.default\">\n\t\t\t\t<div class=\"elementor-widget-container\">\n\t\t\t\t\t\t\t\t\t<p>De bescherming van uw persoonlijke gegevens is voor ons van bijzonder belang. Daarom verwerken wij uw gegevens uitsluitend op basis van de wettelijke bepalingen (GDPR, TKG 2003). In deze informatie over gegevensbescherming informeren wij u over de belangrijkste aspecten van gegevensverwerking op onze website.<\/p><p><strong>Toegang tot gegevens en serverlogbestanden:<\/strong><br \/>De provider verzamelt gegevens over elke toegang tot de website, zogenaamde serverlogbestanden. Deze gegevens omvatten: gebruikte browser, besturingssysteem, verwijzende pagina, IP-adres, tijd van toegang, enz.<br \/>Deze gegevens worden alleen gebruikt voor statistische analyses en kunnen niet worden toegewezen aan een specifieke persoon zonder andere gegevensbronnen te controleren. Op voorwaarde dat er geen illegaal gebruik wordt gemaakt van de website, worden deze gegevens niet verder geanalyseerd.<\/p><p><strong>Behandeling van persoonlijke gegevens:<\/strong><br \/>Persoonlijke gegevens zijn gegevens die kunnen worden gebruikt om een persoon te identificeren en te traceren, zoals naam, e-mailadres of telefoonnummer. Het omvat ook gegevens over hobby's, lidmaatschappen, voorkeuren, enz.<\/p><p>Persoonlijke gegevens worden op deze website alleen verzameld en gebruikt voor het doel dat telkens wordt aangegeven, worden veilig opgeslagen en worden niet doorgegeven aan derden.<\/p><p><strong>Neem contact met ons op:<\/strong><br \/>Als u contact met ons opneemt via het formulier op de website of per e-mail, worden de door u verstrekte gegevens zes maanden door ons opgeslagen om uw aanvraag te verwerken en in geval van vervolgvragen. We geven deze gegevens niet door zonder uw toestemming.<\/p><p><strong>Cookies enz:<\/strong><br \/>Cookies zijn kleine tekstbestanden die door een website op het apparaat van een bezoeker worden opgeslagen en zijn onderverdeeld in drie categorie\u00ebn:<br \/>- Noodzakelijke cookies om een werkende website te garanderen<br \/>- Functionele cookies om de prestaties van de website te garanderen<br \/>- Gerichte cookies om de gebruikerservaring te verbeteren<\/p><p>Als cookies worden uitgeschakeld, kan de functionaliteit van onze website worden beperkt.<\/p><p><strong>Google Analytics:<\/strong><br \/>Deze website gebruikt functies van de webanalysedienst Google Analytics. Google Analytics maakt gebruik van gerichte cookies die op de computer van de gebruiker worden opgeslagen en waarmee het gebruik van de website kan worden geanalyseerd. Meer informatie over hoe Google Analytics omgaat met gebruikersgegevens vindt u in het privacybeleid van Google:\u00a0<a href=\"https:\/\/support.google.com\/analytics\/answer\/6004245?hl=de\">https:\/\/support.google.com\/analytics\/answer\/6004245?hl=de<\/a><\/p><p>U kunt het verzamelen van uw gegevens door deze cookie en de verwerking van deze gegevens voorkomen door een browser-plugin te downloaden en op uw computer te installeren. U vindt de plugin op de volgende link:\u00a0<a href=\"https:\/\/tools.google.com\/dlpage\/gaoptout?hl=de\">https:\/\/tools.google.com\/dlpage\/gaoptout?hl=de<\/a><\/p><p>Deze website maakt gebruik van de functie \"Activering IP-anonimisering\", waarbij uw IP-adres door Google wordt verkort en dus geanonimiseerd.<\/p><p><strong>Google Maps:<\/strong><br \/>Deze website maakt gebruik van Google Maps om kaartinformatie weer te geven. Wanneer Google Maps wordt gebruikt, verzamelt, verwerkt en gebruikt Google ook gegevens over het gebruik van de Maps-functies door bezoekers van de website. Meer informatie over gegevensverwerking door Google vindt u in het privacybeleid van Google op\u00a0<a href=\"https:\/\/www.google.at\/intl\/de\/policies\/privacy\/\">https:\/\/www.google.at\/intl\/de\/policies\/privacy\/<\/a>\u00a0in het gegevensbeschermingscentrum. Je kunt daar ook je instellingen wijzigen in het gegevensbeschermingscentrum, zodat je je gegevens kunt beheren en beschermen.<\/p><p><strong>Cookies voor sociale media:<\/strong><br \/>Op deze pagina zijn social media-plugins ge\u00efntegreerd (herkenbaar aan de respectieve symbolen van Facebook, Twitter, Instagram, enz.), waarmee een directe verbinding tot stand wordt gebracht tussen uw browser en de social media-servers. De op de site ge\u00efntegreerde sociale netwerken ontvangen daardoor informatie dat de website met dit IP-adres is bezocht.<br \/>Bovendien kunnen de sociale netwerken het bezoek aan deze pagina toewijzen aan uw gebruikersaccount bij de netwerken als u daar bent aangemeld. Wij hebben geen kennis van de inhoud van de verzonden gegevens en het gebruik ervan door de sociale netwerken. Om deze toewijzing te voorkomen, hoeft u zich alleen maar af te melden bij de sociale netwerken.<br \/>Meer gedetailleerde informatie vind je hier:<br \/>Facebook:\u00a0<a href=\"https:\/\/www.facebook.com\/policy.php\">https:\/\/www.facebook.com\/policy.php<\/a><br \/>Instagram:\u00a0<a href=\"https:\/\/www.instagram.com\/about\/legal\/privacy\">https:\/\/www.instagram.com\/about\/legal\/privacy<\/a><\/p><p><strong>Uw rechten:<\/strong><br \/>In principe hebt u recht op informatie, correctie, verwijdering, beperking, gegevensportabiliteit, annulering en bezwaar. Als u van mening bent dat de verwerking van uw gegevens in strijd is met de wetgeving inzake gegevensbescherming of dat uw rechten op het gebied van gegevensbescherming op een andere manier zijn geschonden, kunt u een klacht indienen bij de toezichthoudende autoriteit. In Oostenrijk is dit de gegevensbeschermingsautoriteit.<\/p><p><strong>U kunt ons bereiken via de volgende contactgegevens:<\/strong><\/p><p>FAST MOTION GmbH<br \/>Gleispachgasse 1<br \/>A-8045 Graz<\/p><p>Telefoon: +43 676 66 20 100<br \/>E-mail:\u00a0<a href=\"mailto:info@fastmotion.at\">info@fastmotion.at<\/a><\/p>\t\t\t\t\t\t\t\t<\/div>\n\t\t\t\t<\/div>\n\t\t\t\t\t<\/div>\n\t\t<\/div>\n\t\t\t\t\t<\/div>\n\t\t<\/section>\n\t\t\t\t<\/div>","protected":false},"excerpt":{"rendered":"<p>Verklaring over de informatieplicht (privacybeleid) De bescherming van uw persoonlijke gegevens is van bijzonder belang voor ons. Daarom verwerken wij uw gegevens uitsluitend op basis van de wettelijke bepalingen (GDPR, TKG 2003). In deze informatie over gegevensbescherming informeren wij u over de belangrijkste aspecten van de gegevensverwerking op onze website. Toegangsgegevens en serverlogbestanden:De provider verzamelt gegevens over elke toegang tot de website.<\/p>","protected":false},"author":2,"featured_media":0,"parent":0,"menu_order":20,"comment_status":"closed","ping_status":"closed","template":"","meta":{"footnotes":""},"class_list":["post-6341","page","type-page","status-publish","hentry"],"yoast_head":"<!-- This site is optimized with the Yoast SEO Premium plugin v27.5 (Yoast SEO v27.5) - https:\/\/yoast.com\/product\/yoast-seo-premium-wordpress\/ -->\n<title>Datenschutzerkl\u00e4rung - Fast Motion Baustellen Kamera &amp; Baustellen Zeitraffer<\/title>\n<meta name=\"robots\" content=\"index, follow, max-snippet:-1, max-image-preview:large, max-video-preview:-1\" \/>\n<link rel=\"canonical\" href=\"https:\/\/www.fastmotion.at\/nl\/verklaring-gegevensbescherming\/\" \/>\n<meta property=\"og:locale\" content=\"nl_NL\" \/>\n<meta property=\"og:type\" content=\"article\" \/>\n<meta property=\"og:title\" content=\"Datenschutzerkl\u00e4rung\" \/>\n<meta property=\"og:description\" content=\"Erkl\u00e4rung zur Informationspflicht (Datenschutzerkl\u00e4rung) Der Schutz Ihrer pers\u00f6nlichen Daten ist uns ein besonderes Anliegen. Wir verarbeiten Ihre Daten daher ausschlie\u00dflich auf Grundlage der gesetzlichen Bestimmungen (DSGVO, TKG 2003). In diesen Datenschutzinformationen informieren wir Sie \u00fcber die wichtigsten Aspekte der Datenverarbeitung im Rahmen unserer Website. Zugriffsdaten und Server-Logfiles:Der Provider erhebt Daten \u00fcber jeden Zugriff auf die&hellip;\" \/>\n<meta property=\"og:url\" content=\"https:\/\/www.fastmotion.at\/nl\/verklaring-gegevensbescherming\/\" \/>\n<meta property=\"og:site_name\" content=\"Fast Motion Baustellen Kamera &amp; Baustellen Zeitraffer\" \/>\n<meta property=\"article:publisher\" content=\"https:\/\/www.facebook.com\/fastmotionsystems\/\" \/>\n<meta property=\"article:modified_time\" content=\"2024-08-02T10:44:13+00:00\" \/>\n<meta property=\"og:image\" content=\"https:\/\/www.fastmotion.at\/fastmotion_dev\/wp-content\/uploads\/2023\/09\/fastmotion_baustellenkamera_25mp_100mp.jpg\" \/>\n\t<meta property=\"og:image:width\" content=\"1200\" \/>\n\t<meta property=\"og:image:height\" content=\"675\" \/>\n\t<meta property=\"og:image:type\" content=\"image\/jpeg\" \/>\n<meta name=\"twitter:card\" content=\"summary_large_image\" \/>\n<meta name=\"twitter:label1\" content=\"Geschatte leestijd\" \/>\n\t<meta name=\"twitter:data1\" content=\"4 minuten\" \/>\n<script type=\"application\/ld+json\" class=\"yoast-schema-graph\">{\"@context\":\"https:\\\/\\\/schema.org\",\"@graph\":[{\"@type\":\"WebPage\",\"@id\":\"https:\\\/\\\/www.fastmotion.at\\\/nl\\\/datenschutzerklaerung\\\/\",\"url\":\"https:\\\/\\\/www.fastmotion.at\\\/nl\\\/datenschutzerklaerung\\\/\",\"name\":\"Datenschutzerkl\u00e4rung - Fast Motion Baustellen Kamera &amp; Baustellen Zeitraffer\",\"isPartOf\":{\"@id\":\"https:\\\/\\\/www.fastmotion.at\\\/#website\"},\"datePublished\":\"2022-07-12T06:26:54+00:00\",\"dateModified\":\"2024-08-02T10:44:13+00:00\",\"breadcrumb\":{\"@id\":\"https:\\\/\\\/www.fastmotion.at\\\/nl\\\/datenschutzerklaerung\\\/#breadcrumb\"},\"inLanguage\":\"nl-NL\",\"potentialAction\":[{\"@type\":\"ReadAction\",\"target\":[\"https:\\\/\\\/www.fastmotion.at\\\/nl\\\/datenschutzerklaerung\\\/\"]}]},{\"@type\":\"BreadcrumbList\",\"@id\":\"https:\\\/\\\/www.fastmotion.at\\\/nl\\\/datenschutzerklaerung\\\/#breadcrumb\",\"itemListElement\":[{\"@type\":\"ListItem\",\"position\":1,\"name\":\"Home\",\"item\":\"https:\\\/\\\/www.fastmotion.at\\\/nl\\\/\"},{\"@type\":\"ListItem\",\"position\":2,\"name\":\"Datenschutzerkl\u00e4rung\"}]},{\"@type\":\"WebSite\",\"@id\":\"https:\\\/\\\/www.fastmotion.at\\\/#website\",\"url\":\"https:\\\/\\\/www.fastmotion.at\\\/\",\"name\":\"Fast Motion Baustellen Kamera & Baustellen Zeitraffer\",\"description\":\"Die Zeitraffer-Profis mit 20 Jahren Erfahrung\",\"publisher\":{\"@id\":\"https:\\\/\\\/www.fastmotion.at\\\/#organization\"},\"potentialAction\":[{\"@type\":\"SearchAction\",\"target\":{\"@type\":\"EntryPoint\",\"urlTemplate\":\"https:\\\/\\\/www.fastmotion.at\\\/?s={search_term_string}\"},\"query-input\":{\"@type\":\"PropertyValueSpecification\",\"valueRequired\":true,\"valueName\":\"search_term_string\"}}],\"inLanguage\":\"nl-NL\"},{\"@type\":\"Organization\",\"@id\":\"https:\\\/\\\/www.fastmotion.at\\\/#organization\",\"name\":\"Fast Motion GmbH\",\"url\":\"https:\\\/\\\/www.fastmotion.at\\\/\",\"logo\":{\"@type\":\"ImageObject\",\"inLanguage\":\"nl-NL\",\"@id\":\"https:\\\/\\\/www.fastmotion.at\\\/#\\\/schema\\\/logo\\\/image\\\/\",\"url\":\"https:\\\/\\\/www.fastmotion.at\\\/fastmotion_dev\\\/wp-content\\\/uploads\\\/2022\\\/07\\\/fastmotion_4c_NEU.svg\",\"contentUrl\":\"https:\\\/\\\/www.fastmotion.at\\\/fastmotion_dev\\\/wp-content\\\/uploads\\\/2022\\\/07\\\/fastmotion_4c_NEU.svg\",\"width\":785,\"height\":396,\"caption\":\"Fast Motion GmbH\"},\"image\":{\"@id\":\"https:\\\/\\\/www.fastmotion.at\\\/#\\\/schema\\\/logo\\\/image\\\/\"},\"sameAs\":[\"https:\\\/\\\/www.facebook.com\\\/fastmotionsystems\\\/\",\"https:\\\/\\\/instagram.com\\\/fastmotion.gmbh\",\"https:\\\/\\\/www.linkedin.com\\\/company\\\/fast-motion-systems\\\/\"],\"description\":\"Ihr international t\u00e4tiger Spezialist f\u00fcr Baustellenkameras, Baustellenzeitraffer und Zeitrafferdoku in 2D und REAL 3D ab 6K\\\/25mp bis 11K\\\/100mp Aufl\u00f6sung. Outdoorkamera mit WIFI \u00fcber 5G oder Satellit, Cloud Speicher, Photovoltaik, 24\\\/7 \u00dcberwachung, All-Inclusive-Service und professioneller Postproduktion.\",\"email\":\"info@fastmotion.at\",\"telephone\":\"+436766620100\",\"legalName\":\"Fast Motion GmbH\",\"vatID\":\"ATU73406913\"}]}<\/script>\n<!-- \/ Yoast SEO Premium plugin. -->","yoast_head_json":{"title":"Privacybeleid - Fast Motion bouwplaatscamera &amp; bouwplaats time-lapse","robots":{"index":"index","follow":"follow","max-snippet":"max-snippet:-1","max-image-preview":"max-image-preview:large","max-video-preview":"max-video-preview:-1"},"canonical":"https:\/\/www.fastmotion.at\/nl\/verklaring-gegevensbescherming\/","og_locale":"nl_NL","og_type":"article","og_title":"Datenschutzerkl\u00e4rung","og_description":"Erkl\u00e4rung zur Informationspflicht (Datenschutzerkl\u00e4rung) Der Schutz Ihrer pers\u00f6nlichen Daten ist uns ein besonderes Anliegen. Wir verarbeiten Ihre Daten daher ausschlie\u00dflich auf Grundlage der gesetzlichen Bestimmungen (DSGVO, TKG 2003). In diesen Datenschutzinformationen informieren wir Sie \u00fcber die wichtigsten Aspekte der Datenverarbeitung im Rahmen unserer Website. Zugriffsdaten und Server-Logfiles:Der Provider erhebt Daten \u00fcber jeden Zugriff auf die&hellip;","og_url":"https:\/\/www.fastmotion.at\/nl\/verklaring-gegevensbescherming\/","og_site_name":"Fast Motion Baustellen Kamera &amp; Baustellen Zeitraffer","article_publisher":"https:\/\/www.facebook.com\/fastmotionsystems\/","article_modified_time":"2024-08-02T10:44:13+00:00","og_image":[{"width":1200,"height":675,"url":"https:\/\/www.fastmotion.at\/fastmotion_dev\/wp-content\/uploads\/2023\/09\/fastmotion_baustellenkamera_25mp_100mp.jpg","type":"image\/jpeg"}],"twitter_card":"summary_large_image","twitter_misc":{"Geschatte leestijd":"4 minuten"},"schema":{"@context":"https:\/\/schema.org","@graph":[{"@type":"WebPage","@id":"https:\/\/www.fastmotion.at\/nl\/datenschutzerklaerung\/","url":"https:\/\/www.fastmotion.at\/nl\/datenschutzerklaerung\/","name":"Privacybeleid - Fast Motion bouwplaatscamera &amp; bouwplaats time-lapse","isPartOf":{"@id":"https:\/\/www.fastmotion.at\/#website"},"datePublished":"2022-07-12T06:26:54+00:00","dateModified":"2024-08-02T10:44:13+00:00","breadcrumb":{"@id":"https:\/\/www.fastmotion.at\/nl\/datenschutzerklaerung\/#breadcrumb"},"inLanguage":"nl-NL","potentialAction":[{"@type":"ReadAction","target":["https:\/\/www.fastmotion.at\/nl\/datenschutzerklaerung\/"]}]},{"@type":"BreadcrumbList","@id":"https:\/\/www.fastmotion.at\/nl\/datenschutzerklaerung\/#breadcrumb","itemListElement":[{"@type":"ListItem","position":1,"name":"Home","item":"https:\/\/www.fastmotion.at\/nl\/"},{"@type":"ListItem","position":2,"name":"Datenschutzerkl\u00e4rung"}]},{"@type":"WebSite","@id":"https:\/\/www.fastmotion.at\/#website","url":"https:\/\/www.fastmotion.at\/","name":"Fast Motion Bouwplaats Camera &amp; Bouwplaats Time Lapse","description":"De time-lapse professionals met 20 jaar ervaring","publisher":{"@id":"https:\/\/www.fastmotion.at\/#organization"},"potentialAction":[{"@type":"SearchAction","target":{"@type":"EntryPoint","urlTemplate":"https:\/\/www.fastmotion.at\/?s={search_term_string}"},"query-input":{"@type":"PropertyValueSpecification","valueRequired":true,"valueName":"search_term_string"}}],"inLanguage":"nl-NL"},{"@type":"Organization","@id":"https:\/\/www.fastmotion.at\/#organization","name":"Fast Motion GmbH","url":"https:\/\/www.fastmotion.at\/","logo":{"@type":"ImageObject","inLanguage":"nl-NL","@id":"https:\/\/www.fastmotion.at\/#\/schema\/logo\/image\/","url":"https:\/\/www.fastmotion.at\/fastmotion_dev\/wp-content\/uploads\/2022\/07\/fastmotion_4c_NEU.svg","contentUrl":"https:\/\/www.fastmotion.at\/fastmotion_dev\/wp-content\/uploads\/2022\/07\/fastmotion_4c_NEU.svg","width":785,"height":396,"caption":"Fast Motion GmbH"},"image":{"@id":"https:\/\/www.fastmotion.at\/#\/schema\/logo\/image\/"},"sameAs":["https:\/\/www.facebook.com\/fastmotionsystems\/","https:\/\/instagram.com\/fastmotion.gmbh","https:\/\/www.linkedin.com\/company\/fast-motion-systems\/"],"description":"Uw internationale specialist voor bouwplaatscamera's, bouwplaats time-lapse en time-lapse documentatie in 2D en ECHT 3D van 6K\/25mp tot 11K\/100mp resolutie. Buitencamera met WIFI via 5G of satelliet, cloudopslag, zonnepanelen, 24\/7 bewaking, all-inclusive service en professionele postproductie.","email":"info@fastmotion.at","telephone":"+436766620100","legalName":"Fast Motion GmbH","vatID":"ATU73406913"}]}},"_links":{"self":[{"href":"https:\/\/www.fastmotion.at\/nl\/wp-json\/wp\/v2\/pages\/6341","targetHints":{"allow":["GET"]}}],"collection":[{"href":"https:\/\/www.fastmotion.at\/nl\/wp-json\/wp\/v2\/pages"}],"about":[{"href":"https:\/\/www.fastmotion.at\/nl\/wp-json\/wp\/v2\/types\/page"}],"author":[{"embeddable":true,"href":"https:\/\/www.fastmotion.at\/nl\/wp-json\/wp\/v2\/users\/2"}],"replies":[{"embeddable":true,"href":"https:\/\/www.fastmotion.at\/nl\/wp-json\/wp\/v2\/comments?post=6341"}],"version-history":[{"count":7,"href":"https:\/\/www.fastmotion.at\/nl\/wp-json\/wp\/v2\/pages\/6341\/revisions"}],"predecessor-version":[{"id":17625,"href":"https:\/\/www.fastmotion.at\/nl\/wp-json\/wp\/v2\/pages\/6341\/revisions\/17625"}],"wp:attachment":[{"href":"https:\/\/www.fastmotion.at\/nl\/wp-json\/wp\/v2\/media?parent=6341"}],"curies":[{"name":"wp","href":"https:\/\/api.w.org\/{rel}","templated":true}]}}