{"id":6341,"date":"2022-07-12T06:26:54","date_gmt":"2022-07-12T06:26:54","guid":{"rendered":"https:\/\/dev.n2.agency\/fastmotion_dev\/?page_id=6341"},"modified":"2024-08-02T10:44:13","modified_gmt":"2024-08-02T10:44:13","slug":"dichiarazione-sulla-protezione-dei-dati","status":"publish","type":"page","link":"https:\/\/www.fastmotion.at\/it\/datenschutzerklaerung\/","title":{"rendered":"Informativa sulla privacy"},"content":{"rendered":"<div data-elementor-type=\"wp-page\" data-elementor-id=\"6341\" class=\"elementor elementor-6341\" data-elementor-post-type=\"page\">\n\t\t\t\t\t\t<section class=\"elementor-section elementor-top-section elementor-element elementor-element-2a5bd1e4 elementor-section-boxed elementor-section-height-default elementor-section-height-default\" data-id=\"2a5bd1e4\" data-element_type=\"section\" data-e-type=\"section\">\n\t\t\t\t\t\t<div class=\"elementor-container elementor-column-gap-wider\">\n\t\t\t\t\t<div class=\"elementor-column elementor-col-100 elementor-top-column elementor-element elementor-element-3f45c113\" data-id=\"3f45c113\" data-element_type=\"column\" data-e-type=\"column\">\n\t\t\t<div class=\"elementor-widget-wrap elementor-element-populated\">\n\t\t\t\t\t\t<div class=\"elementor-element elementor-element-ac6608e elementor-widget elementor-widget-heading\" data-id=\"ac6608e\" data-element_type=\"widget\" data-e-type=\"widget\" data-widget_type=\"heading.default\">\n\t\t\t\t<div class=\"elementor-widget-container\">\n\t\t\t\t\t<h1 class=\"elementor-heading-title elementor-size-default\">Dichiarazione sul dovere di informazione<\/h1>\t\t\t\t<\/div>\n\t\t\t\t<\/div>\n\t\t\t\t<div class=\"elementor-element elementor-element-9680a17 elementor-widget elementor-widget-heading\" data-id=\"9680a17\" data-element_type=\"widget\" data-e-type=\"widget\" data-widget_type=\"heading.default\">\n\t\t\t\t<div class=\"elementor-widget-container\">\n\t\t\t\t\t<h4 class=\"elementor-heading-title elementor-size-small\">(Informativa sulla privacy)<\/h4>\t\t\t\t<\/div>\n\t\t\t\t<\/div>\n\t\t\t\t<div class=\"elementor-element elementor-element-b96d792 elementor-widget elementor-widget-spacer\" data-id=\"b96d792\" data-element_type=\"widget\" data-e-type=\"widget\" data-widget_type=\"spacer.default\">\n\t\t\t\t<div class=\"elementor-widget-container\">\n\t\t\t\t\t\t\t<div class=\"elementor-spacer\">\n\t\t\t<div class=\"elementor-spacer-inner\"><\/div>\n\t\t<\/div>\n\t\t\t\t\t\t<\/div>\n\t\t\t\t<\/div>\n\t\t\t\t\t<\/div>\n\t\t<\/div>\n\t\t\t\t\t<\/div>\n\t\t<\/section>\n\t\t\t\t<section class=\"elementor-section elementor-top-section elementor-element elementor-element-7990a56b elementor-section-boxed elementor-section-height-default elementor-section-height-default\" data-id=\"7990a56b\" data-element_type=\"section\" data-e-type=\"section\">\n\t\t\t\t\t\t<div class=\"elementor-container elementor-column-gap-wider\">\n\t\t\t\t\t<div class=\"elementor-column elementor-col-100 elementor-top-column elementor-element elementor-element-278010c1\" data-id=\"278010c1\" data-element_type=\"column\" data-e-type=\"column\">\n\t\t\t<div class=\"elementor-widget-wrap elementor-element-populated\">\n\t\t\t\t\t\t<div class=\"elementor-element elementor-element-acf61da elementor-widget elementor-widget-spacer\" data-id=\"acf61da\" data-element_type=\"widget\" data-e-type=\"widget\" data-widget_type=\"spacer.default\">\n\t\t\t\t<div class=\"elementor-widget-container\">\n\t\t\t\t\t\t\t<div class=\"elementor-spacer\">\n\t\t\t<div class=\"elementor-spacer-inner\"><\/div>\n\t\t<\/div>\n\t\t\t\t\t\t<\/div>\n\t\t\t\t<\/div>\n\t\t\t\t<div class=\"elementor-element elementor-element-7b3cfad2 elementor-widget elementor-widget-text-editor\" data-id=\"7b3cfad2\" data-element_type=\"widget\" data-e-type=\"widget\" data-widget_type=\"text-editor.default\">\n\t\t\t\t<div class=\"elementor-widget-container\">\n\t\t\t\t\t\t\t\t\t<p>La protezione dei vostri dati personali ci sta particolarmente a cuore. Per questo motivo trattiamo i vostri dati esclusivamente sulla base delle disposizioni di legge (GDPR, TKG 2003). In questa informativa sulla protezione dei dati, vi informiamo sugli aspetti pi\u00f9 importanti del trattamento dei dati sul nostro sito web.<\/p><p><strong>Accesso ai dati e ai file di log del server:<\/strong><br \/>Il provider raccoglie dati su ogni accesso al sito web, i cosiddetti file di log del server. Questi dati comprendono: browser utilizzato, sistema operativo, pagina di riferimento, indirizzo IP, ora di accesso, ecc.<br \/>Questi dati vengono utilizzati solo per analisi statistiche e non possono essere assegnati a una persona specifica senza verificare altre fonti di dati. Se non si verifica un uso illegale del sito web, questi dati non vengono analizzati ulteriormente.<\/p><p><strong>Trattamento dei dati personali:<\/strong><br \/>I dati personali sono informazioni che possono essere utilizzate per identificare e rintracciare una persona, come il nome, l'indirizzo e-mail o il numero di telefono. Comprendono anche dati relativi a hobby, appartenenze, preferenze, ecc.<\/p><p>I dati personali vengono raccolti e utilizzati su questo sito web solo per gli scopi indicati di volta in volta, sono conservati in modo sicuro e non vengono trasmessi a terzi.<\/p><p><strong>Contatto con noi:<\/strong><br \/>Se ci contattate tramite il modulo sul sito web o via e-mail, i dati da voi forniti saranno da noi conservati per sei mesi allo scopo di elaborare la vostra richiesta e in caso di domande successive. Non trasmetteremo questi dati senza il vostro consenso.<\/p><p><strong>Cookie, ecc:<\/strong><br \/>I cookie sono piccoli file di testo che vengono memorizzati sul dispositivo del visitatore da un sito web e si dividono in tre categorie:<br \/>- Cookie necessari per garantire il funzionamento del sito web<br \/>- Cookie funzionali per garantire le prestazioni del sito web<br \/>- Cookie mirati per migliorare l'esperienza dell'utente<\/p><p>Se i cookie vengono disattivati, la funzionalit\u00e0 del nostro sito web potrebbe essere limitata.<\/p><p><strong>Google Analytics:<\/strong><br \/>Questo sito web utilizza le funzioni del servizio di analisi web Google Analytics. Google Analytics utilizza cookie mirati che vengono memorizzati sul computer dell'utente e consentono di analizzare l'utilizzo del sito web. Per ulteriori informazioni sul trattamento dei dati degli utenti da parte di Google Analytics, consultare l'informativa sulla privacy di Google:\u00a0<a href=\"https:\/\/support.google.com\/analytics\/answer\/6004245?hl=de\">https:\/\/support.google.com\/analytics\/answer\/6004245?hl=de<\/a><\/p><p>Potete impedire la raccolta dei vostri dati da parte di questo cookie e il loro trattamento scaricando un plugin per il browser e installandolo sul vostro computer. Il plugin \u00e8 disponibile al seguente link:\u00a0<a href=\"https:\/\/tools.google.com\/dlpage\/gaoptout?hl=de\">https:\/\/tools.google.com\/dlpage\/gaoptout?hl=de<\/a><\/p><p>Questo sito web utilizza la funzione \"Attivazione dell'anonimizzazione IP\", con la quale il vostro indirizzo IP viene abbreviato da Google e quindi reso anonimo.<\/p><p><strong>Google Maps:<\/strong><br \/>Questo sito web utilizza Google Maps per visualizzare le informazioni sulle mappe. Quando viene utilizzato Google Maps, Google raccoglie, elabora e utilizza anche i dati relativi all'utilizzo delle funzioni di Maps da parte dei visitatori del sito web. Per ulteriori informazioni sull'elaborazione dei dati da parte di Google, consultare l'informativa sulla privacy di Google all'indirizzo\u00a0<a href=\"https:\/\/www.google.at\/intl\/de\/policies\/privacy\/\">https:\/\/www.google.at\/intl\/de\/policies\/privacy\/<\/a>\u00a0nel centro di protezione dei dati. Nel centro di protezione dei dati \u00e8 inoltre possibile modificare le impostazioni, in modo da poter gestire e proteggere i propri dati.<\/p><p><strong>Cookie per i social media:<\/strong><br \/>Su questa pagina sono integrati i plugin dei social media (riconoscibili dai rispettivi simboli di Facebook, Twitter, Instagram, ecc.), stabilendo cos\u00ec una connessione diretta tra il vostro browser e i server dei social media. I social network integrati nel sito ricevono cos\u00ec l'informazione che il sito web \u00e8 stato visitato con questo indirizzo IP.<br \/>Inoltre, i social network possono assegnare la visita a questa pagina al vostro account utente presso i network, se avete effettuato l'accesso. Non siamo a conoscenza del contenuto dei dati trasmessi e del loro utilizzo da parte dei social network. Per evitare questa assegnazione, \u00e8 sufficiente disconnettersi dai social network.<br \/>Potete trovare informazioni pi\u00f9 dettagliate qui:<br \/>Facebook:\u00a0<a href=\"https:\/\/www.facebook.com\/policy.php\">https:\/\/www.facebook.com\/policy.php<\/a><br \/>Instagram:\u00a0<a href=\"https:\/\/www.instagram.com\/about\/legal\/privacy\">https:\/\/www.instagram.com\/about\/legal\/privacy<\/a><\/p><p><strong>I vostri diritti:<\/strong><br \/>In linea di principio, avete i diritti di informazione, correzione, cancellazione, limitazione, portabilit\u00e0 dei dati, cancellazione e opposizione. Se ritenete che il trattamento dei vostri dati violi la legge sulla protezione dei dati o che i vostri diritti di protezione dei dati siano stati violati in altro modo, potete presentare un reclamo all'autorit\u00e0 di vigilanza. In Austria, questa \u00e8 l'autorit\u00e0 per la protezione dei dati.<\/p><p><strong>Potete contattarci ai seguenti recapiti:<\/strong><\/p><p>FAST MOTION GmbH<br \/>Gleispachgasse 1<br \/>A-8045 Graz<\/p><p>Telefono: +43 676 66 20 100<br \/>E-mail:\u00a0<a href=\"mailto:info@fastmotion.at\">info@fastmotion.at<\/a><\/p>\t\t\t\t\t\t\t\t<\/div>\n\t\t\t\t<\/div>\n\t\t\t\t\t<\/div>\n\t\t<\/div>\n\t\t\t\t\t<\/div>\n\t\t<\/section>\n\t\t\t\t<\/div>","protected":false},"excerpt":{"rendered":"<p>Dichiarazione sull'obbligo di informazione (informativa sulla privacy) La protezione dei vostri dati personali ci sta particolarmente a cuore. Per questo motivo trattiamo i vostri dati esclusivamente sulla base delle disposizioni di legge (GDPR, TKG 2003). In questa informativa sulla protezione dei dati, vi informiamo sugli aspetti pi\u00f9 importanti del trattamento dei dati sul nostro sito web. Dati di accesso e file di log del server: il provider raccoglie dati su ogni accesso al sito web.<\/p>","protected":false},"author":2,"featured_media":0,"parent":0,"menu_order":20,"comment_status":"closed","ping_status":"closed","template":"","meta":{"footnotes":""},"class_list":["post-6341","page","type-page","status-publish","hentry"],"yoast_head":"<!-- This site is optimized with the Yoast SEO Premium plugin v27.5 (Yoast SEO v27.5) - https:\/\/yoast.com\/product\/yoast-seo-premium-wordpress\/ -->\n<title>Datenschutzerkl\u00e4rung - Fast Motion Baustellen Kamera &amp; Baustellen Zeitraffer<\/title>\n<meta name=\"robots\" content=\"index, follow, max-snippet:-1, max-image-preview:large, max-video-preview:-1\" \/>\n<link rel=\"canonical\" href=\"https:\/\/www.fastmotion.at\/it\/dichiarazione-sulla-protezione-dei-dati\/\" \/>\n<meta property=\"og:locale\" content=\"it_IT\" \/>\n<meta property=\"og:type\" content=\"article\" \/>\n<meta property=\"og:title\" content=\"Datenschutzerkl\u00e4rung\" \/>\n<meta property=\"og:description\" content=\"Erkl\u00e4rung zur Informationspflicht (Datenschutzerkl\u00e4rung) Der Schutz Ihrer pers\u00f6nlichen Daten ist uns ein besonderes Anliegen. Wir verarbeiten Ihre Daten daher ausschlie\u00dflich auf Grundlage der gesetzlichen Bestimmungen (DSGVO, TKG 2003). In diesen Datenschutzinformationen informieren wir Sie \u00fcber die wichtigsten Aspekte der Datenverarbeitung im Rahmen unserer Website. Zugriffsdaten und Server-Logfiles:Der Provider erhebt Daten \u00fcber jeden Zugriff auf die&hellip;\" \/>\n<meta property=\"og:url\" content=\"https:\/\/www.fastmotion.at\/it\/dichiarazione-sulla-protezione-dei-dati\/\" \/>\n<meta property=\"og:site_name\" content=\"Fast Motion Baustellen Kamera &amp; Baustellen Zeitraffer\" \/>\n<meta property=\"article:publisher\" content=\"https:\/\/www.facebook.com\/fastmotionsystems\/\" \/>\n<meta property=\"article:modified_time\" content=\"2024-08-02T10:44:13+00:00\" \/>\n<meta property=\"og:image\" content=\"https:\/\/www.fastmotion.at\/fastmotion_dev\/wp-content\/uploads\/2023\/09\/fastmotion_baustellenkamera_25mp_100mp.jpg\" \/>\n\t<meta property=\"og:image:width\" content=\"1200\" \/>\n\t<meta property=\"og:image:height\" content=\"675\" \/>\n\t<meta property=\"og:image:type\" content=\"image\/jpeg\" \/>\n<meta name=\"twitter:card\" content=\"summary_large_image\" \/>\n<meta name=\"twitter:label1\" content=\"Tempo di lettura stimato\" \/>\n\t<meta name=\"twitter:data1\" content=\"4 minuti\" \/>\n<script type=\"application\/ld+json\" class=\"yoast-schema-graph\">{\"@context\":\"https:\\\/\\\/schema.org\",\"@graph\":[{\"@type\":\"WebPage\",\"@id\":\"https:\\\/\\\/www.fastmotion.at\\\/it\\\/datenschutzerklaerung\\\/\",\"url\":\"https:\\\/\\\/www.fastmotion.at\\\/it\\\/datenschutzerklaerung\\\/\",\"name\":\"Datenschutzerkl\u00e4rung - Fast Motion Baustellen Kamera &amp; Baustellen Zeitraffer\",\"isPartOf\":{\"@id\":\"https:\\\/\\\/www.fastmotion.at\\\/#website\"},\"datePublished\":\"2022-07-12T06:26:54+00:00\",\"dateModified\":\"2024-08-02T10:44:13+00:00\",\"breadcrumb\":{\"@id\":\"https:\\\/\\\/www.fastmotion.at\\\/it\\\/datenschutzerklaerung\\\/#breadcrumb\"},\"inLanguage\":\"it-IT\",\"potentialAction\":[{\"@type\":\"ReadAction\",\"target\":[\"https:\\\/\\\/www.fastmotion.at\\\/it\\\/datenschutzerklaerung\\\/\"]}]},{\"@type\":\"BreadcrumbList\",\"@id\":\"https:\\\/\\\/www.fastmotion.at\\\/it\\\/datenschutzerklaerung\\\/#breadcrumb\",\"itemListElement\":[{\"@type\":\"ListItem\",\"position\":1,\"name\":\"Home\",\"item\":\"https:\\\/\\\/www.fastmotion.at\\\/it\\\/\"},{\"@type\":\"ListItem\",\"position\":2,\"name\":\"Datenschutzerkl\u00e4rung\"}]},{\"@type\":\"WebSite\",\"@id\":\"https:\\\/\\\/www.fastmotion.at\\\/#website\",\"url\":\"https:\\\/\\\/www.fastmotion.at\\\/\",\"name\":\"Fast Motion Baustellen Kamera & Baustellen Zeitraffer\",\"description\":\"Die Zeitraffer-Profis mit 20 Jahren Erfahrung\",\"publisher\":{\"@id\":\"https:\\\/\\\/www.fastmotion.at\\\/#organization\"},\"potentialAction\":[{\"@type\":\"SearchAction\",\"target\":{\"@type\":\"EntryPoint\",\"urlTemplate\":\"https:\\\/\\\/www.fastmotion.at\\\/?s={search_term_string}\"},\"query-input\":{\"@type\":\"PropertyValueSpecification\",\"valueRequired\":true,\"valueName\":\"search_term_string\"}}],\"inLanguage\":\"it-IT\"},{\"@type\":\"Organization\",\"@id\":\"https:\\\/\\\/www.fastmotion.at\\\/#organization\",\"name\":\"Fast Motion GmbH\",\"url\":\"https:\\\/\\\/www.fastmotion.at\\\/\",\"logo\":{\"@type\":\"ImageObject\",\"inLanguage\":\"it-IT\",\"@id\":\"https:\\\/\\\/www.fastmotion.at\\\/#\\\/schema\\\/logo\\\/image\\\/\",\"url\":\"https:\\\/\\\/www.fastmotion.at\\\/fastmotion_dev\\\/wp-content\\\/uploads\\\/2022\\\/07\\\/fastmotion_4c_NEU.svg\",\"contentUrl\":\"https:\\\/\\\/www.fastmotion.at\\\/fastmotion_dev\\\/wp-content\\\/uploads\\\/2022\\\/07\\\/fastmotion_4c_NEU.svg\",\"width\":785,\"height\":396,\"caption\":\"Fast Motion GmbH\"},\"image\":{\"@id\":\"https:\\\/\\\/www.fastmotion.at\\\/#\\\/schema\\\/logo\\\/image\\\/\"},\"sameAs\":[\"https:\\\/\\\/www.facebook.com\\\/fastmotionsystems\\\/\",\"https:\\\/\\\/instagram.com\\\/fastmotion.gmbh\",\"https:\\\/\\\/www.linkedin.com\\\/company\\\/fast-motion-systems\\\/\"],\"description\":\"Ihr international t\u00e4tiger Spezialist f\u00fcr Baustellenkameras, Baustellenzeitraffer und Zeitrafferdoku in 2D und REAL 3D ab 6K\\\/25mp bis 11K\\\/100mp Aufl\u00f6sung. Outdoorkamera mit WIFI \u00fcber 5G oder Satellit, Cloud Speicher, Photovoltaik, 24\\\/7 \u00dcberwachung, All-Inclusive-Service und professioneller Postproduktion.\",\"email\":\"info@fastmotion.at\",\"telephone\":\"+436766620100\",\"legalName\":\"Fast Motion GmbH\",\"vatID\":\"ATU73406913\"}]}<\/script>\n<!-- \/ Yoast SEO Premium plugin. -->","yoast_head_json":{"title":"Informativa sulla privacy - Telecamera da cantiere e time-lapse da cantiere Fast Motion","robots":{"index":"index","follow":"follow","max-snippet":"max-snippet:-1","max-image-preview":"max-image-preview:large","max-video-preview":"max-video-preview:-1"},"canonical":"https:\/\/www.fastmotion.at\/it\/dichiarazione-sulla-protezione-dei-dati\/","og_locale":"it_IT","og_type":"article","og_title":"Datenschutzerkl\u00e4rung","og_description":"Erkl\u00e4rung zur Informationspflicht (Datenschutzerkl\u00e4rung) Der Schutz Ihrer pers\u00f6nlichen Daten ist uns ein besonderes Anliegen. Wir verarbeiten Ihre Daten daher ausschlie\u00dflich auf Grundlage der gesetzlichen Bestimmungen (DSGVO, TKG 2003). In diesen Datenschutzinformationen informieren wir Sie \u00fcber die wichtigsten Aspekte der Datenverarbeitung im Rahmen unserer Website. Zugriffsdaten und Server-Logfiles:Der Provider erhebt Daten \u00fcber jeden Zugriff auf die&hellip;","og_url":"https:\/\/www.fastmotion.at\/it\/dichiarazione-sulla-protezione-dei-dati\/","og_site_name":"Fast Motion Baustellen Kamera &amp; Baustellen Zeitraffer","article_publisher":"https:\/\/www.facebook.com\/fastmotionsystems\/","article_modified_time":"2024-08-02T10:44:13+00:00","og_image":[{"width":1200,"height":675,"url":"https:\/\/www.fastmotion.at\/fastmotion_dev\/wp-content\/uploads\/2023\/09\/fastmotion_baustellenkamera_25mp_100mp.jpg","type":"image\/jpeg"}],"twitter_card":"summary_large_image","twitter_misc":{"Tempo di lettura stimato":"4 minuti"},"schema":{"@context":"https:\/\/schema.org","@graph":[{"@type":"WebPage","@id":"https:\/\/www.fastmotion.at\/it\/datenschutzerklaerung\/","url":"https:\/\/www.fastmotion.at\/it\/datenschutzerklaerung\/","name":"Informativa sulla privacy - Telecamera da cantiere e time-lapse da cantiere Fast Motion","isPartOf":{"@id":"https:\/\/www.fastmotion.at\/#website"},"datePublished":"2022-07-12T06:26:54+00:00","dateModified":"2024-08-02T10:44:13+00:00","breadcrumb":{"@id":"https:\/\/www.fastmotion.at\/it\/datenschutzerklaerung\/#breadcrumb"},"inLanguage":"it-IT","potentialAction":[{"@type":"ReadAction","target":["https:\/\/www.fastmotion.at\/it\/datenschutzerklaerung\/"]}]},{"@type":"BreadcrumbList","@id":"https:\/\/www.fastmotion.at\/it\/datenschutzerklaerung\/#breadcrumb","itemListElement":[{"@type":"ListItem","position":1,"name":"Home","item":"https:\/\/www.fastmotion.at\/it\/"},{"@type":"ListItem","position":2,"name":"Datenschutzerkl\u00e4rung"}]},{"@type":"WebSite","@id":"https:\/\/www.fastmotion.at\/#website","url":"https:\/\/www.fastmotion.at\/","name":"Telecamera da cantiere e time lapse del cantiere in movimento rapido","description":"I professionisti del time-lapse con 20 anni di esperienza","publisher":{"@id":"https:\/\/www.fastmotion.at\/#organization"},"potentialAction":[{"@type":"SearchAction","target":{"@type":"EntryPoint","urlTemplate":"https:\/\/www.fastmotion.at\/?s={search_term_string}"},"query-input":{"@type":"PropertyValueSpecification","valueRequired":true,"valueName":"search_term_string"}}],"inLanguage":"it-IT"},{"@type":"Organization","@id":"https:\/\/www.fastmotion.at\/#organization","name":"Fast Motion GmbH","url":"https:\/\/www.fastmotion.at\/","logo":{"@type":"ImageObject","inLanguage":"it-IT","@id":"https:\/\/www.fastmotion.at\/#\/schema\/logo\/image\/","url":"https:\/\/www.fastmotion.at\/fastmotion_dev\/wp-content\/uploads\/2022\/07\/fastmotion_4c_NEU.svg","contentUrl":"https:\/\/www.fastmotion.at\/fastmotion_dev\/wp-content\/uploads\/2022\/07\/fastmotion_4c_NEU.svg","width":785,"height":396,"caption":"Fast Motion GmbH"},"image":{"@id":"https:\/\/www.fastmotion.at\/#\/schema\/logo\/image\/"},"sameAs":["https:\/\/www.facebook.com\/fastmotionsystems\/","https:\/\/instagram.com\/fastmotion.gmbh","https:\/\/www.linkedin.com\/company\/fast-motion-systems\/"],"description":"Il vostro specialista internazionale per telecamere da cantiere, time-lapse da cantiere e documentazione time-lapse in 2D e REAL 3D con risoluzione da 6K\/25mp a 11K\/100mp. Telecamera da esterno con WIFI via 5G o satellite, cloud storage, fotovoltaico, monitoraggio 24\/7, servizio all-inclusive e post-produzione professionale.","email":"info@fastmotion.at","telephone":"+436766620100","legalName":"Fast Motion GmbH","vatID":"ATU73406913"}]}},"_links":{"self":[{"href":"https:\/\/www.fastmotion.at\/it\/wp-json\/wp\/v2\/pages\/6341","targetHints":{"allow":["GET"]}}],"collection":[{"href":"https:\/\/www.fastmotion.at\/it\/wp-json\/wp\/v2\/pages"}],"about":[{"href":"https:\/\/www.fastmotion.at\/it\/wp-json\/wp\/v2\/types\/page"}],"author":[{"embeddable":true,"href":"https:\/\/www.fastmotion.at\/it\/wp-json\/wp\/v2\/users\/2"}],"replies":[{"embeddable":true,"href":"https:\/\/www.fastmotion.at\/it\/wp-json\/wp\/v2\/comments?post=6341"}],"version-history":[{"count":7,"href":"https:\/\/www.fastmotion.at\/it\/wp-json\/wp\/v2\/pages\/6341\/revisions"}],"predecessor-version":[{"id":17625,"href":"https:\/\/www.fastmotion.at\/it\/wp-json\/wp\/v2\/pages\/6341\/revisions\/17625"}],"wp:attachment":[{"href":"https:\/\/www.fastmotion.at\/it\/wp-json\/wp\/v2\/media?parent=6341"}],"curies":[{"name":"wp","href":"https:\/\/api.w.org\/{rel}","templated":true}]}}