{"id":6341,"date":"2022-07-12T06:26:54","date_gmt":"2022-07-12T06:26:54","guid":{"rendered":"https:\/\/dev.n2.agency\/fastmotion_dev\/?page_id=6341"},"modified":"2024-08-02T10:44:13","modified_gmt":"2024-08-02T10:44:13","slug":"declaracion-de-proteccion-de-datos","status":"publish","type":"page","link":"https:\/\/www.fastmotion.at\/es\/datenschutzerklaerung\/","title":{"rendered":"Pol\u00edtica de privacidad"},"content":{"rendered":"<div data-elementor-type=\"wp-page\" data-elementor-id=\"6341\" class=\"elementor elementor-6341\" data-elementor-post-type=\"page\">\n\t\t\t\t\t\t<section class=\"elementor-section elementor-top-section elementor-element elementor-element-2a5bd1e4 elementor-section-boxed elementor-section-height-default elementor-section-height-default\" data-id=\"2a5bd1e4\" data-element_type=\"section\" data-e-type=\"section\">\n\t\t\t\t\t\t<div class=\"elementor-container elementor-column-gap-wider\">\n\t\t\t\t\t<div class=\"elementor-column elementor-col-100 elementor-top-column elementor-element elementor-element-3f45c113\" data-id=\"3f45c113\" data-element_type=\"column\" data-e-type=\"column\">\n\t\t\t<div class=\"elementor-widget-wrap elementor-element-populated\">\n\t\t\t\t\t\t<div class=\"elementor-element elementor-element-ac6608e elementor-widget elementor-widget-heading\" data-id=\"ac6608e\" data-element_type=\"widget\" data-e-type=\"widget\" data-widget_type=\"heading.default\">\n\t\t\t\t<div class=\"elementor-widget-container\">\n\t\t\t\t\t<h1 class=\"elementor-heading-title elementor-size-default\">Declaraci\u00f3n sobre el deber de informar<\/h1>\t\t\t\t<\/div>\n\t\t\t\t<\/div>\n\t\t\t\t<div class=\"elementor-element elementor-element-9680a17 elementor-widget elementor-widget-heading\" data-id=\"9680a17\" data-element_type=\"widget\" data-e-type=\"widget\" data-widget_type=\"heading.default\">\n\t\t\t\t<div class=\"elementor-widget-container\">\n\t\t\t\t\t<h4 class=\"elementor-heading-title elementor-size-small\">(Pol\u00edtica de privacidad)<\/h4>\t\t\t\t<\/div>\n\t\t\t\t<\/div>\n\t\t\t\t<div class=\"elementor-element elementor-element-b96d792 elementor-widget elementor-widget-spacer\" data-id=\"b96d792\" data-element_type=\"widget\" data-e-type=\"widget\" data-widget_type=\"spacer.default\">\n\t\t\t\t<div class=\"elementor-widget-container\">\n\t\t\t\t\t\t\t<div class=\"elementor-spacer\">\n\t\t\t<div class=\"elementor-spacer-inner\"><\/div>\n\t\t<\/div>\n\t\t\t\t\t\t<\/div>\n\t\t\t\t<\/div>\n\t\t\t\t\t<\/div>\n\t\t<\/div>\n\t\t\t\t\t<\/div>\n\t\t<\/section>\n\t\t\t\t<section class=\"elementor-section elementor-top-section elementor-element elementor-element-7990a56b elementor-section-boxed elementor-section-height-default elementor-section-height-default\" data-id=\"7990a56b\" data-element_type=\"section\" data-e-type=\"section\">\n\t\t\t\t\t\t<div class=\"elementor-container elementor-column-gap-wider\">\n\t\t\t\t\t<div class=\"elementor-column elementor-col-100 elementor-top-column elementor-element elementor-element-278010c1\" data-id=\"278010c1\" data-element_type=\"column\" data-e-type=\"column\">\n\t\t\t<div class=\"elementor-widget-wrap elementor-element-populated\">\n\t\t\t\t\t\t<div class=\"elementor-element elementor-element-acf61da elementor-widget elementor-widget-spacer\" data-id=\"acf61da\" data-element_type=\"widget\" data-e-type=\"widget\" data-widget_type=\"spacer.default\">\n\t\t\t\t<div class=\"elementor-widget-container\">\n\t\t\t\t\t\t\t<div class=\"elementor-spacer\">\n\t\t\t<div class=\"elementor-spacer-inner\"><\/div>\n\t\t<\/div>\n\t\t\t\t\t\t<\/div>\n\t\t\t\t<\/div>\n\t\t\t\t<div class=\"elementor-element elementor-element-7b3cfad2 elementor-widget elementor-widget-text-editor\" data-id=\"7b3cfad2\" data-element_type=\"widget\" data-e-type=\"widget\" data-widget_type=\"text-editor.default\">\n\t\t\t\t<div class=\"elementor-widget-container\">\n\t\t\t\t\t\t\t\t\t<p>La protecci\u00f3n de sus datos personales nos preocupa especialmente. Por ello, procesamos sus datos exclusivamente sobre la base de las disposiciones legales (GDPR, TKG 2003). En esta informaci\u00f3n sobre protecci\u00f3n de datos le informamos sobre los aspectos m\u00e1s importantes del tratamiento de datos en nuestro sitio web.<\/p><p><strong>Datos de acceso y archivos de registro del servidor:<\/strong><br \/>El proveedor recopila datos sobre cada acceso al sitio web, los denominados archivos de registro del servidor. Estos datos incluyen: navegador utilizado, sistema operativo, p\u00e1gina de referencia, direcci\u00f3n IP, hora de acceso, etc.<br \/>Estos datos s\u00f3lo se utilizan para an\u00e1lisis estad\u00edsticos y no pueden asignarse a una persona concreta sin comprobar otras fuentes de datos. Siempre que no se haga un uso ilegal del sitio web, estos datos no se seguir\u00e1n analizando.<\/p><p><strong>Tratamiento de datos personales:<\/strong><br \/>Los datos personales son informaci\u00f3n que puede utilizarse para identificar y localizar a una persona, como el nombre, la direcci\u00f3n de correo electr\u00f3nico o el n\u00famero de tel\u00e9fono. Tambi\u00e9n incluye datos sobre aficiones, afiliaciones, preferencias, etc.<\/p><p>Los datos personales s\u00f3lo se recogen y utilizan en este sitio web para los fines indicados en cada caso, se almacenan de forma segura y no se transmiten a terceros.<\/p><p><strong>Contacte con nosotros:<\/strong><br \/>Si se pone en contacto con nosotros a trav\u00e9s del formulario del sitio web o por correo electr\u00f3nico, almacenaremos los datos que nos facilite durante seis meses con el fin de tramitar su consulta y en caso de preguntas de seguimiento. No transmitiremos estos datos sin su consentimiento.<\/p><p><strong>Cookies, etc:<\/strong><br \/>Las cookies son peque\u00f1os archivos de texto que un sitio web almacena en el dispositivo de un visitante y se dividen en tres categor\u00edas:<br \/>- Cookies necesarias para garantizar el funcionamiento del sitio web<br \/>- Cookies funcionales para garantizar el rendimiento del sitio web<br \/>- Cookies espec\u00edficas para mejorar la experiencia del usuario<\/p><p>Si se desactivan las cookies, la funcionalidad de nuestro sitio web puede verse limitada.<\/p><p><strong>Google Analytics:<\/strong><br \/>Este sitio web utiliza funciones del servicio de an\u00e1lisis web Google Analytics. Google Analytics utiliza cookies espec\u00edficas que se almacenan en el ordenador del usuario y permiten analizar el uso del sitio web. Encontrar\u00e1 m\u00e1s informaci\u00f3n sobre el tratamiento de los datos del usuario por parte de Google Analytics en la pol\u00edtica de privacidad de Google:\u00a0<a href=\"https:\/\/support.google.com\/analytics\/answer\/6004245?hl=de\">https:\/\/support.google.com\/analytics\/answer\/6004245?hl=de<\/a><\/p><p>Usted puede impedir la recogida de sus datos por esta cookie y el tratamiento de los mismos descargando un plugin para su navegador e instal\u00e1ndolo en su ordenador. Puede encontrar el plugin en el siguiente enlace:\u00a0<a href=\"https:\/\/tools.google.com\/dlpage\/gaoptout?hl=de\">https:\/\/tools.google.com\/dlpage\/gaoptout?hl=de<\/a><\/p><p>Este sitio web utiliza la funci\u00f3n \"Activaci\u00f3n del anonimato de IP\", mediante la cual su direcci\u00f3n IP es acortada por Google y, por tanto, anonimizada.<\/p><p><strong>Google Maps:<\/strong><br \/>Este sitio web utiliza Google Maps para mostrar informaci\u00f3n cartogr\u00e1fica. Cuando se utiliza Google Maps, Google tambi\u00e9n recopila, procesa y utiliza datos sobre el uso de las funciones de Maps por parte de los visitantes del sitio web. Encontrar\u00e1 m\u00e1s informaci\u00f3n sobre el tratamiento de datos por parte de Google en la pol\u00edtica de privacidad de Google en\u00a0<a href=\"https:\/\/www.google.at\/intl\/de\/policies\/privacy\/\">https:\/\/www.google.at\/intl\/de\/policies\/privacy\/<\/a>\u00a0en el centro de protecci\u00f3n de datos. Tambi\u00e9n puedes cambiar la configuraci\u00f3n all\u00ed, en el centro de protecci\u00f3n de datos, para poder gestionar y proteger tus datos.<\/p><p><strong>Cookies de redes sociales:<\/strong><br \/>En esta p\u00e1gina se integran plugins de redes sociales (reconocibles por los respectivos s\u00edmbolos de Facebook, Twitter, Instagram, etc.), estableci\u00e9ndose as\u00ed una conexi\u00f3n directa entre su navegador y los servidores de las redes sociales. Las redes sociales integradas en el sitio reciben as\u00ed informaci\u00f3n de que el sitio web fue visitado con esta direcci\u00f3n IP.<br \/>Adem\u00e1s, las redes sociales pueden asignar la visita a esta p\u00e1gina a su cuenta de usuario en las redes si ha iniciado sesi\u00f3n en ellas. No tenemos conocimiento del contenido de los datos transmitidos ni de su uso por parte de las redes sociales. Para evitar esta asignaci\u00f3n, s\u00f3lo tiene que desconectarse de las redes sociales.<br \/>Encontrar\u00e1 informaci\u00f3n m\u00e1s detallada aqu\u00ed:<br \/>Facebook:\u00a0<a href=\"https:\/\/www.facebook.com\/policy.php\">https:\/\/www.facebook.com\/policy.php<\/a><br \/>Instagram:\u00a0<a href=\"https:\/\/www.instagram.com\/about\/legal\/privacy\">https:\/\/www.instagram.com\/about\/legal\/privacy<\/a><\/p><p><strong>Sus derechos:<\/strong><br \/>En principio, usted tiene derecho a la informaci\u00f3n, rectificaci\u00f3n, supresi\u00f3n, limitaci\u00f3n, portabilidad de datos, cancelaci\u00f3n y oposici\u00f3n. Si cree que el tratamiento de sus datos infringe la ley de protecci\u00f3n de datos o que se han vulnerado sus derechos de protecci\u00f3n de datos de cualquier otro modo, puede presentar una reclamaci\u00f3n ante la autoridad de control. En Austria, \u00e9sta es la autoridad de protecci\u00f3n de datos.<\/p><p><strong>Puede ponerse en contacto con nosotros a trav\u00e9s de los siguientes datos:<\/strong><\/p><p>FAST MOTION GmbH<br \/>Gleispachgasse 1<br \/>A-8045 Graz<\/p><p>Tel\u00e9fono: +43 676 66 20 100<br \/>Correo electr\u00f3nico:\u00a0<a href=\"mailto:info@fastmotion.at\">info@fastmotion.at<\/a><\/p>\t\t\t\t\t\t\t\t<\/div>\n\t\t\t\t<\/div>\n\t\t\t\t\t<\/div>\n\t\t<\/div>\n\t\t\t\t\t<\/div>\n\t\t<\/section>\n\t\t\t\t<\/div>","protected":false},"excerpt":{"rendered":"<p>Declaraci\u00f3n sobre el deber de informar (declaraci\u00f3n de protecci\u00f3n de datos) La protecci\u00f3n de sus datos personales nos preocupa especialmente. Por ello, procesamos sus datos exclusivamente sobre la base de las disposiciones legales (GDPR, TKG 2003). En esta informaci\u00f3n sobre protecci\u00f3n de datos, le informamos sobre los aspectos m\u00e1s importantes del procesamiento de datos en nuestro sitio web. Datos de acceso y archivos de registro del servidor:El proveedor recopila datos sobre cada acceso al sitio web.<\/p>","protected":false},"author":2,"featured_media":0,"parent":0,"menu_order":20,"comment_status":"closed","ping_status":"closed","template":"","meta":{"footnotes":""},"class_list":["post-6341","page","type-page","status-publish","hentry"],"yoast_head":"<!-- This site is optimized with the Yoast SEO Premium plugin v27.5 (Yoast SEO v27.5) - https:\/\/yoast.com\/product\/yoast-seo-premium-wordpress\/ -->\n<title>Datenschutzerkl\u00e4rung - Fast Motion Baustellen Kamera &amp; Baustellen Zeitraffer<\/title>\n<meta name=\"robots\" content=\"index, follow, max-snippet:-1, max-image-preview:large, max-video-preview:-1\" \/>\n<link rel=\"canonical\" href=\"https:\/\/www.fastmotion.at\/es\/declaracion-de-proteccion-de-datos\/\" \/>\n<meta property=\"og:locale\" content=\"es_ES\" \/>\n<meta property=\"og:type\" content=\"article\" \/>\n<meta property=\"og:title\" content=\"Datenschutzerkl\u00e4rung\" \/>\n<meta property=\"og:description\" content=\"Erkl\u00e4rung zur Informationspflicht (Datenschutzerkl\u00e4rung) Der Schutz Ihrer pers\u00f6nlichen Daten ist uns ein besonderes Anliegen. Wir verarbeiten Ihre Daten daher ausschlie\u00dflich auf Grundlage der gesetzlichen Bestimmungen (DSGVO, TKG 2003). In diesen Datenschutzinformationen informieren wir Sie \u00fcber die wichtigsten Aspekte der Datenverarbeitung im Rahmen unserer Website. Zugriffsdaten und Server-Logfiles:Der Provider erhebt Daten \u00fcber jeden Zugriff auf die&hellip;\" \/>\n<meta property=\"og:url\" content=\"https:\/\/www.fastmotion.at\/es\/declaracion-de-proteccion-de-datos\/\" \/>\n<meta property=\"og:site_name\" content=\"Fast Motion Baustellen Kamera &amp; Baustellen Zeitraffer\" \/>\n<meta property=\"article:publisher\" content=\"https:\/\/www.facebook.com\/fastmotionsystems\/\" \/>\n<meta property=\"article:modified_time\" content=\"2024-08-02T10:44:13+00:00\" \/>\n<meta property=\"og:image\" content=\"https:\/\/www.fastmotion.at\/fastmotion_dev\/wp-content\/uploads\/2023\/09\/fastmotion_baustellenkamera_25mp_100mp.jpg\" \/>\n\t<meta property=\"og:image:width\" content=\"1200\" \/>\n\t<meta property=\"og:image:height\" content=\"675\" \/>\n\t<meta property=\"og:image:type\" content=\"image\/jpeg\" \/>\n<meta name=\"twitter:card\" content=\"summary_large_image\" \/>\n<meta name=\"twitter:label1\" content=\"Tiempo de lectura\" \/>\n\t<meta name=\"twitter:data1\" content=\"4 minutos\" \/>\n<script type=\"application\/ld+json\" class=\"yoast-schema-graph\">{\"@context\":\"https:\\\/\\\/schema.org\",\"@graph\":[{\"@type\":\"WebPage\",\"@id\":\"https:\\\/\\\/www.fastmotion.at\\\/es\\\/datenschutzerklaerung\\\/\",\"url\":\"https:\\\/\\\/www.fastmotion.at\\\/es\\\/datenschutzerklaerung\\\/\",\"name\":\"Datenschutzerkl\u00e4rung - Fast Motion Baustellen Kamera &amp; Baustellen Zeitraffer\",\"isPartOf\":{\"@id\":\"https:\\\/\\\/www.fastmotion.at\\\/#website\"},\"datePublished\":\"2022-07-12T06:26:54+00:00\",\"dateModified\":\"2024-08-02T10:44:13+00:00\",\"breadcrumb\":{\"@id\":\"https:\\\/\\\/www.fastmotion.at\\\/es\\\/datenschutzerklaerung\\\/#breadcrumb\"},\"inLanguage\":\"es\",\"potentialAction\":[{\"@type\":\"ReadAction\",\"target\":[\"https:\\\/\\\/www.fastmotion.at\\\/es\\\/datenschutzerklaerung\\\/\"]}]},{\"@type\":\"BreadcrumbList\",\"@id\":\"https:\\\/\\\/www.fastmotion.at\\\/es\\\/datenschutzerklaerung\\\/#breadcrumb\",\"itemListElement\":[{\"@type\":\"ListItem\",\"position\":1,\"name\":\"Home\",\"item\":\"https:\\\/\\\/www.fastmotion.at\\\/es\\\/\"},{\"@type\":\"ListItem\",\"position\":2,\"name\":\"Datenschutzerkl\u00e4rung\"}]},{\"@type\":\"WebSite\",\"@id\":\"https:\\\/\\\/www.fastmotion.at\\\/#website\",\"url\":\"https:\\\/\\\/www.fastmotion.at\\\/\",\"name\":\"Fast Motion Baustellen Kamera & Baustellen Zeitraffer\",\"description\":\"Die Zeitraffer-Profis mit 20 Jahren Erfahrung\",\"publisher\":{\"@id\":\"https:\\\/\\\/www.fastmotion.at\\\/#organization\"},\"potentialAction\":[{\"@type\":\"SearchAction\",\"target\":{\"@type\":\"EntryPoint\",\"urlTemplate\":\"https:\\\/\\\/www.fastmotion.at\\\/?s={search_term_string}\"},\"query-input\":{\"@type\":\"PropertyValueSpecification\",\"valueRequired\":true,\"valueName\":\"search_term_string\"}}],\"inLanguage\":\"es\"},{\"@type\":\"Organization\",\"@id\":\"https:\\\/\\\/www.fastmotion.at\\\/#organization\",\"name\":\"Fast Motion GmbH\",\"url\":\"https:\\\/\\\/www.fastmotion.at\\\/\",\"logo\":{\"@type\":\"ImageObject\",\"inLanguage\":\"es\",\"@id\":\"https:\\\/\\\/www.fastmotion.at\\\/#\\\/schema\\\/logo\\\/image\\\/\",\"url\":\"https:\\\/\\\/www.fastmotion.at\\\/fastmotion_dev\\\/wp-content\\\/uploads\\\/2022\\\/07\\\/fastmotion_4c_NEU.svg\",\"contentUrl\":\"https:\\\/\\\/www.fastmotion.at\\\/fastmotion_dev\\\/wp-content\\\/uploads\\\/2022\\\/07\\\/fastmotion_4c_NEU.svg\",\"width\":785,\"height\":396,\"caption\":\"Fast Motion GmbH\"},\"image\":{\"@id\":\"https:\\\/\\\/www.fastmotion.at\\\/#\\\/schema\\\/logo\\\/image\\\/\"},\"sameAs\":[\"https:\\\/\\\/www.facebook.com\\\/fastmotionsystems\\\/\",\"https:\\\/\\\/instagram.com\\\/fastmotion.gmbh\",\"https:\\\/\\\/www.linkedin.com\\\/company\\\/fast-motion-systems\\\/\"],\"description\":\"Ihr international t\u00e4tiger Spezialist f\u00fcr Baustellenkameras, Baustellenzeitraffer und Zeitrafferdoku in 2D und REAL 3D ab 6K\\\/25mp bis 11K\\\/100mp Aufl\u00f6sung. Outdoorkamera mit WIFI \u00fcber 5G oder Satellit, Cloud Speicher, Photovoltaik, 24\\\/7 \u00dcberwachung, All-Inclusive-Service und professioneller Postproduktion.\",\"email\":\"info@fastmotion.at\",\"telephone\":\"+436766620100\",\"legalName\":\"Fast Motion GmbH\",\"vatID\":\"ATU73406913\"}]}<\/script>\n<!-- \/ Yoast SEO Premium plugin. -->","yoast_head_json":{"title":"Pol\u00edtica de privacidad - Fast Motion c\u00e1mara de obra y time-lapse de obra","robots":{"index":"index","follow":"follow","max-snippet":"max-snippet:-1","max-image-preview":"max-image-preview:large","max-video-preview":"max-video-preview:-1"},"canonical":"https:\/\/www.fastmotion.at\/es\/declaracion-de-proteccion-de-datos\/","og_locale":"es_ES","og_type":"article","og_title":"Datenschutzerkl\u00e4rung","og_description":"Erkl\u00e4rung zur Informationspflicht (Datenschutzerkl\u00e4rung) Der Schutz Ihrer pers\u00f6nlichen Daten ist uns ein besonderes Anliegen. Wir verarbeiten Ihre Daten daher ausschlie\u00dflich auf Grundlage der gesetzlichen Bestimmungen (DSGVO, TKG 2003). In diesen Datenschutzinformationen informieren wir Sie \u00fcber die wichtigsten Aspekte der Datenverarbeitung im Rahmen unserer Website. Zugriffsdaten und Server-Logfiles:Der Provider erhebt Daten \u00fcber jeden Zugriff auf die&hellip;","og_url":"https:\/\/www.fastmotion.at\/es\/declaracion-de-proteccion-de-datos\/","og_site_name":"Fast Motion Baustellen Kamera &amp; Baustellen Zeitraffer","article_publisher":"https:\/\/www.facebook.com\/fastmotionsystems\/","article_modified_time":"2024-08-02T10:44:13+00:00","og_image":[{"width":1200,"height":675,"url":"https:\/\/www.fastmotion.at\/fastmotion_dev\/wp-content\/uploads\/2023\/09\/fastmotion_baustellenkamera_25mp_100mp.jpg","type":"image\/jpeg"}],"twitter_card":"summary_large_image","twitter_misc":{"Tiempo de lectura":"4 minutos"},"schema":{"@context":"https:\/\/schema.org","@graph":[{"@type":"WebPage","@id":"https:\/\/www.fastmotion.at\/es\/datenschutzerklaerung\/","url":"https:\/\/www.fastmotion.at\/es\/datenschutzerklaerung\/","name":"Pol\u00edtica de privacidad - Fast Motion c\u00e1mara de obra y time-lapse de obra","isPartOf":{"@id":"https:\/\/www.fastmotion.at\/#website"},"datePublished":"2022-07-12T06:26:54+00:00","dateModified":"2024-08-02T10:44:13+00:00","breadcrumb":{"@id":"https:\/\/www.fastmotion.at\/es\/datenschutzerklaerung\/#breadcrumb"},"inLanguage":"es","potentialAction":[{"@type":"ReadAction","target":["https:\/\/www.fastmotion.at\/es\/datenschutzerklaerung\/"]}]},{"@type":"BreadcrumbList","@id":"https:\/\/www.fastmotion.at\/es\/datenschutzerklaerung\/#breadcrumb","itemListElement":[{"@type":"ListItem","position":1,"name":"Home","item":"https:\/\/www.fastmotion.at\/es\/"},{"@type":"ListItem","position":2,"name":"Datenschutzerkl\u00e4rung"}]},{"@type":"WebSite","@id":"https:\/\/www.fastmotion.at\/#website","url":"https:\/\/www.fastmotion.at\/","name":"C\u00e1mara a c\u00e1mara r\u00e1pida para obras y lapso de tiempo en obras","description":"Los profesionales del time-lapse con 20 a\u00f1os de experiencia","publisher":{"@id":"https:\/\/www.fastmotion.at\/#organization"},"potentialAction":[{"@type":"SearchAction","target":{"@type":"EntryPoint","urlTemplate":"https:\/\/www.fastmotion.at\/?s={search_term_string}"},"query-input":{"@type":"PropertyValueSpecification","valueRequired":true,"valueName":"search_term_string"}}],"inLanguage":"es"},{"@type":"Organization","@id":"https:\/\/www.fastmotion.at\/#organization","name":"Fast Motion GmbH","url":"https:\/\/www.fastmotion.at\/","logo":{"@type":"ImageObject","inLanguage":"es","@id":"https:\/\/www.fastmotion.at\/#\/schema\/logo\/image\/","url":"https:\/\/www.fastmotion.at\/fastmotion_dev\/wp-content\/uploads\/2022\/07\/fastmotion_4c_NEU.svg","contentUrl":"https:\/\/www.fastmotion.at\/fastmotion_dev\/wp-content\/uploads\/2022\/07\/fastmotion_4c_NEU.svg","width":785,"height":396,"caption":"Fast Motion GmbH"},"image":{"@id":"https:\/\/www.fastmotion.at\/#\/schema\/logo\/image\/"},"sameAs":["https:\/\/www.facebook.com\/fastmotionsystems\/","https:\/\/instagram.com\/fastmotion.gmbh","https:\/\/www.linkedin.com\/company\/fast-motion-systems\/"],"description":"Su especialista internacional en c\u00e1maras de obra, time-lapse de obra y documentaci\u00f3n time-lapse en 2D y 3D REAL desde 6K\/25mp hasta 11K\/100mp de resoluci\u00f3n. C\u00e1mara para exteriores con WIFI v\u00eda 5G o sat\u00e9lite, almacenamiento en la nube, fotovoltaica, monitorizaci\u00f3n 24\/7, servicio todo incluido y posproducci\u00f3n profesional.","email":"info@fastmotion.at","telephone":"+436766620100","legalName":"Fast Motion GmbH","vatID":"ATU73406913"}]}},"_links":{"self":[{"href":"https:\/\/www.fastmotion.at\/es\/wp-json\/wp\/v2\/pages\/6341","targetHints":{"allow":["GET"]}}],"collection":[{"href":"https:\/\/www.fastmotion.at\/es\/wp-json\/wp\/v2\/pages"}],"about":[{"href":"https:\/\/www.fastmotion.at\/es\/wp-json\/wp\/v2\/types\/page"}],"author":[{"embeddable":true,"href":"https:\/\/www.fastmotion.at\/es\/wp-json\/wp\/v2\/users\/2"}],"replies":[{"embeddable":true,"href":"https:\/\/www.fastmotion.at\/es\/wp-json\/wp\/v2\/comments?post=6341"}],"version-history":[{"count":7,"href":"https:\/\/www.fastmotion.at\/es\/wp-json\/wp\/v2\/pages\/6341\/revisions"}],"predecessor-version":[{"id":17625,"href":"https:\/\/www.fastmotion.at\/es\/wp-json\/wp\/v2\/pages\/6341\/revisions\/17625"}],"wp:attachment":[{"href":"https:\/\/www.fastmotion.at\/es\/wp-json\/wp\/v2\/media?parent=6341"}],"curies":[{"name":"wp","href":"https:\/\/api.w.org\/{rel}","templated":true}]}}