{"id":6334,"date":"2022-07-12T06:21:52","date_gmt":"2022-07-12T06:21:52","guid":{"rendered":"https:\/\/dev.n2.agency\/fastmotion_dev\/?page_id=6334"},"modified":"2024-08-02T10:34:19","modified_gmt":"2024-08-02T10:34:19","slug":"imprimir","status":"publish","type":"page","link":"https:\/\/www.fastmotion.at\/es\/impressum\/","title":{"rendered":"Pie de imprenta"},"content":{"rendered":"<div data-elementor-type=\"wp-page\" data-elementor-id=\"6334\" class=\"elementor elementor-6334\" data-elementor-post-type=\"page\">\n\t\t\t\t\t\t<section class=\"elementor-section elementor-top-section elementor-element elementor-element-2a5bd1e4 elementor-section-boxed elementor-section-height-default elementor-section-height-default\" data-id=\"2a5bd1e4\" data-element_type=\"section\" data-e-type=\"section\">\n\t\t\t\t\t\t<div class=\"elementor-container elementor-column-gap-wider\">\n\t\t\t\t\t<div class=\"elementor-column elementor-col-100 elementor-top-column elementor-element elementor-element-3f45c113\" data-id=\"3f45c113\" data-element_type=\"column\" data-e-type=\"column\">\n\t\t\t<div class=\"elementor-widget-wrap elementor-element-populated\">\n\t\t\t\t\t\t<div class=\"elementor-element elementor-element-ac6608e elementor-widget elementor-widget-heading\" data-id=\"ac6608e\" data-element_type=\"widget\" data-e-type=\"widget\" data-widget_type=\"heading.default\">\n\t\t\t\t<div class=\"elementor-widget-container\">\n\t\t\t\t\t<h1 class=\"elementor-heading-title elementor-size-default\">Pie de imprenta<\/h1>\t\t\t\t<\/div>\n\t\t\t\t<\/div>\n\t\t\t\t<div class=\"elementor-element elementor-element-b96d792 elementor-widget elementor-widget-spacer\" data-id=\"b96d792\" data-element_type=\"widget\" data-e-type=\"widget\" data-widget_type=\"spacer.default\">\n\t\t\t\t<div class=\"elementor-widget-container\">\n\t\t\t\t\t\t\t<div class=\"elementor-spacer\">\n\t\t\t<div class=\"elementor-spacer-inner\"><\/div>\n\t\t<\/div>\n\t\t\t\t\t\t<\/div>\n\t\t\t\t<\/div>\n\t\t\t\t\t<\/div>\n\t\t<\/div>\n\t\t\t\t\t<\/div>\n\t\t<\/section>\n\t\t\t\t<section class=\"elementor-section elementor-top-section elementor-element elementor-element-7990a56b elementor-section-boxed elementor-section-height-default elementor-section-height-default\" data-id=\"7990a56b\" data-element_type=\"section\" data-e-type=\"section\">\n\t\t\t\t\t\t<div class=\"elementor-container elementor-column-gap-wider\">\n\t\t\t\t\t<div class=\"elementor-column elementor-col-100 elementor-top-column elementor-element elementor-element-278010c1\" data-id=\"278010c1\" data-element_type=\"column\" data-e-type=\"column\">\n\t\t\t<div class=\"elementor-widget-wrap elementor-element-populated\">\n\t\t\t\t\t\t<div class=\"elementor-element elementor-element-acf61da elementor-widget elementor-widget-spacer\" data-id=\"acf61da\" data-element_type=\"widget\" data-e-type=\"widget\" data-widget_type=\"spacer.default\">\n\t\t\t\t<div class=\"elementor-widget-container\">\n\t\t\t\t\t\t\t<div class=\"elementor-spacer\">\n\t\t\t<div class=\"elementor-spacer-inner\"><\/div>\n\t\t<\/div>\n\t\t\t\t\t\t<\/div>\n\t\t\t\t<\/div>\n\t\t\t\t<div class=\"elementor-element elementor-element-7b3cfad2 elementor-widget elementor-widget-text-editor\" data-id=\"7b3cfad2\" data-element_type=\"widget\" data-e-type=\"widget\" data-widget_type=\"text-editor.default\">\n\t\t\t\t<div class=\"elementor-widget-container\">\n\t\t\t\t\t\t\t\t\t<p><strong>FAST MOTION GmbH<\/strong><br \/>Producci\u00f3n cinematogr\u00e1fica centrada en c\u00e1maras para obras de construcci\u00f3n y sistemas time-lapse de larga duraci\u00f3n, filmaci\u00f3n con drones y time-lapse en movimiento<br \/>Direcci\u00f3n: Christoph Groppenberger<br \/>Gleispachgasse 1<br \/>8045 Graz<br \/>Austria<br \/>FN 492646 f<br \/>UID: ATU73406913<br \/>T: +43 676 66 20 100<br \/>Correo electr\u00f3nico: info@fastmotion.at<\/p><p>\u00a0<\/p><p>Autoridad seg\u00fan ECG:<br \/>Ayuntamiento de la ciudad de Graz<\/p><p><a href=\"https:\/\/www.fastmotion.at\/fastmotion_dev\/wp-content\/uploads\/2022\/07\/FASTMOTION_AGBs.pdf\">Condiciones generales Industria cinematogr\u00e1fica &gt;&gt;<\/a><\/p><p><a href=\"https:\/\/www.fastmotion.at\/fastmotion_dev\/datenschutzerklaerung\/\" target=\"_blank\" rel=\"noopener noreferrer\">Enlace a la pol\u00edtica de privacidad &gt;&gt;<\/a><\/p><p><strong>Miembro de la C\u00e1mara Econ\u00f3mica Federal de Austria en las siguientes organizaciones profesionales:<br \/><\/strong><br \/>- Grupo Especializado Publicidad y Comunicaci\u00f3n de Mercado<br \/>- Gremio Nacional de Fot\u00f3grafos Profesionales<br \/>- Asociaci\u00f3n profesional de la industria cinematogr\u00e1fica y musical<\/p><p><strong>Derecho profesional:<\/strong><\/p><p>Normativa comercial:\u00a0<a href=\"https:\/\/www.ris.bka.gv.at\/\" target=\"_blank\" rel=\"noopener noreferrer\">www.ris.bka.gv.at<\/a><\/p><p><a href=\"https:\/\/firmen.wko.at\/Web\/DetailsKontakt.aspx?FirmaID=b2f97495-912b-44eb-9fdf-e81f21ce6bae\" target=\"_blank\" rel=\"noopener noreferrer\">&gt;&gt; Deber de informaci\u00f3n seg\u00fan la Ley de ECG y Medios de Comunicaci\u00f3n &lt;&lt;<\/a><\/p><p>Fotos:\u00a0<a title=\"vonBERGENSTAMM Fotograf\u00eda\" href=\"https:\/\/vonbergenstamm.com\/\" target=\"_blank\" rel=\"noopener noreferrer\">vonBERGENSTAMM - Fotograf\u00eda\u00a0<\/a>|\u00a0<a href=\"https:\/\/de.fotolia.com\/\">fotolia<\/a><\/p>\t\t\t\t\t\t\t\t<\/div>\n\t\t\t\t<\/div>\n\t\t\t\t\t<\/div>\n\t\t<\/div>\n\t\t\t\t\t<\/div>\n\t\t<\/section>\n\t\t\t\t<\/div>","protected":false},"excerpt":{"rendered":"<p>Pie de imprenta FAST MOTION 1TP1F Producci\u00f3n cinematogr\u00e1fica especializada en c\u00e1maras de obra y sistemas de time-lapse de larga duraci\u00f3n, filmaci\u00f3n con drones y time-lapse en movimientoDirecci\u00f3n: Christoph GroppenbergerGleispachgasse 18045 GrazAustriaFN 492646 fUID: ATU73406913T: +43 676 66 20 100E-mail: info@fastmotion.at Autoridad acc. ECG:Magistrat der Stadt Graz AGBs Filmwirtschaft &gt;&gt; Enlace a la pol\u00edtica de privacidad &gt;&gt; Miembro de la C\u00e1mara Econ\u00f3mica Federal de Austria en las siguientes asociaciones profesionales:- Fachgruppe Werbung und Marktkommunikation- Landesinnung Berufsfotografen- Fachverband der...<\/p>","protected":false},"author":2,"featured_media":0,"parent":0,"menu_order":20,"comment_status":"closed","ping_status":"closed","template":"","meta":{"footnotes":""},"class_list":["post-6334","page","type-page","status-publish","hentry"],"yoast_head":"<!-- This site is optimized with the Yoast SEO Premium plugin v27.5 (Yoast SEO v27.5) - https:\/\/yoast.com\/product\/yoast-seo-premium-wordpress\/ -->\n<title>Impressum - Fast Motion Baustellen Kamera &amp; Baustellen Zeitraffer<\/title>\n<meta name=\"robots\" content=\"index, follow, max-snippet:-1, max-image-preview:large, max-video-preview:-1\" \/>\n<link rel=\"canonical\" href=\"https:\/\/www.fastmotion.at\/es\/imprimir\/\" \/>\n<meta property=\"og:locale\" content=\"es_ES\" \/>\n<meta property=\"og:type\" content=\"article\" \/>\n<meta property=\"og:title\" content=\"Impressum\" \/>\n<meta property=\"og:description\" content=\"Impressum FAST MOTION GmbHFilmproduktion mir Schwerpunkt auf Baustellen-Kamera und Langzeitzeitraffersysteme, Drohnenfilm und MotionzeitrafferGesch\u00e4ftsf\u00fchrung: Christoph GroppenbergerGleispachgasse 18045 Graz\u00d6sterreichFN 492646 fUID: ATU73406913T: +43 676 66 20 100E-mail: info@fastmotion.at \u00a0 Beh\u00f6rde gem. ECG:Magistrat der Stadt Graz AGBs Filmwirtschaft &gt;&gt; Link zur Datenschutzerkl\u00e4rung &gt;&gt; Mitglied der Wirtschaftskammer \u00d6sterreich in folgenden Fachverb\u00e4nden:\u2013 Fachgruppe Werbung und Marktkommunikation\u2013 Landesinnung Berufsfotografen\u2013 Fachverband der&hellip;\" \/>\n<meta property=\"og:url\" content=\"https:\/\/www.fastmotion.at\/es\/imprimir\/\" \/>\n<meta property=\"og:site_name\" content=\"Fast Motion Baustellen Kamera &amp; Baustellen Zeitraffer\" \/>\n<meta property=\"article:publisher\" content=\"https:\/\/www.facebook.com\/fastmotionsystems\/\" \/>\n<meta property=\"article:modified_time\" content=\"2024-08-02T10:34:19+00:00\" \/>\n<meta property=\"og:image\" content=\"https:\/\/www.fastmotion.at\/fastmotion_dev\/wp-content\/uploads\/2023\/09\/fastmotion_baustellenkamera_25mp_100mp.jpg\" \/>\n\t<meta property=\"og:image:width\" content=\"1200\" \/>\n\t<meta property=\"og:image:height\" content=\"675\" \/>\n\t<meta property=\"og:image:type\" content=\"image\/jpeg\" \/>\n<meta name=\"twitter:card\" content=\"summary_large_image\" \/>\n<meta name=\"twitter:label1\" content=\"Tiempo de lectura\" \/>\n\t<meta name=\"twitter:data1\" content=\"1 minuto\" \/>\n<script type=\"application\/ld+json\" class=\"yoast-schema-graph\">{\"@context\":\"https:\\\/\\\/schema.org\",\"@graph\":[{\"@type\":\"WebPage\",\"@id\":\"https:\\\/\\\/www.fastmotion.at\\\/es\\\/impressum\\\/\",\"url\":\"https:\\\/\\\/www.fastmotion.at\\\/es\\\/impressum\\\/\",\"name\":\"Impressum - Fast Motion Baustellen Kamera &amp; Baustellen Zeitraffer\",\"isPartOf\":{\"@id\":\"https:\\\/\\\/www.fastmotion.at\\\/#website\"},\"datePublished\":\"2022-07-12T06:21:52+00:00\",\"dateModified\":\"2024-08-02T10:34:19+00:00\",\"breadcrumb\":{\"@id\":\"https:\\\/\\\/www.fastmotion.at\\\/es\\\/impressum\\\/#breadcrumb\"},\"inLanguage\":\"es\",\"potentialAction\":[{\"@type\":\"ReadAction\",\"target\":[\"https:\\\/\\\/www.fastmotion.at\\\/es\\\/impressum\\\/\"]}]},{\"@type\":\"BreadcrumbList\",\"@id\":\"https:\\\/\\\/www.fastmotion.at\\\/es\\\/impressum\\\/#breadcrumb\",\"itemListElement\":[{\"@type\":\"ListItem\",\"position\":1,\"name\":\"Home\",\"item\":\"https:\\\/\\\/www.fastmotion.at\\\/es\\\/\"},{\"@type\":\"ListItem\",\"position\":2,\"name\":\"Impressum\"}]},{\"@type\":\"WebSite\",\"@id\":\"https:\\\/\\\/www.fastmotion.at\\\/#website\",\"url\":\"https:\\\/\\\/www.fastmotion.at\\\/\",\"name\":\"Fast Motion Baustellen Kamera & Baustellen Zeitraffer\",\"description\":\"Die Zeitraffer-Profis mit 20 Jahren Erfahrung\",\"publisher\":{\"@id\":\"https:\\\/\\\/www.fastmotion.at\\\/#organization\"},\"potentialAction\":[{\"@type\":\"SearchAction\",\"target\":{\"@type\":\"EntryPoint\",\"urlTemplate\":\"https:\\\/\\\/www.fastmotion.at\\\/?s={search_term_string}\"},\"query-input\":{\"@type\":\"PropertyValueSpecification\",\"valueRequired\":true,\"valueName\":\"search_term_string\"}}],\"inLanguage\":\"es\"},{\"@type\":\"Organization\",\"@id\":\"https:\\\/\\\/www.fastmotion.at\\\/#organization\",\"name\":\"Fast Motion GmbH\",\"url\":\"https:\\\/\\\/www.fastmotion.at\\\/\",\"logo\":{\"@type\":\"ImageObject\",\"inLanguage\":\"es\",\"@id\":\"https:\\\/\\\/www.fastmotion.at\\\/#\\\/schema\\\/logo\\\/image\\\/\",\"url\":\"https:\\\/\\\/www.fastmotion.at\\\/fastmotion_dev\\\/wp-content\\\/uploads\\\/2022\\\/07\\\/fastmotion_4c_NEU.svg\",\"contentUrl\":\"https:\\\/\\\/www.fastmotion.at\\\/fastmotion_dev\\\/wp-content\\\/uploads\\\/2022\\\/07\\\/fastmotion_4c_NEU.svg\",\"width\":785,\"height\":396,\"caption\":\"Fast Motion GmbH\"},\"image\":{\"@id\":\"https:\\\/\\\/www.fastmotion.at\\\/#\\\/schema\\\/logo\\\/image\\\/\"},\"sameAs\":[\"https:\\\/\\\/www.facebook.com\\\/fastmotionsystems\\\/\",\"https:\\\/\\\/instagram.com\\\/fastmotion.gmbh\",\"https:\\\/\\\/www.linkedin.com\\\/company\\\/fast-motion-systems\\\/\"],\"description\":\"Ihr international t\u00e4tiger Spezialist f\u00fcr Baustellenkameras, Baustellenzeitraffer und Zeitrafferdoku in 2D und REAL 3D ab 6K\\\/25mp bis 11K\\\/100mp Aufl\u00f6sung. Outdoorkamera mit WIFI \u00fcber 5G oder Satellit, Cloud Speicher, Photovoltaik, 24\\\/7 \u00dcberwachung, All-Inclusive-Service und professioneller Postproduktion.\",\"email\":\"info@fastmotion.at\",\"telephone\":\"+436766620100\",\"legalName\":\"Fast Motion GmbH\",\"vatID\":\"ATU73406913\"}]}<\/script>\n<!-- \/ Yoast SEO Premium plugin. -->","yoast_head_json":{"title":"Pie de imprenta - Fast Motion c\u00e1mara de obra y time-lapse de obra","robots":{"index":"index","follow":"follow","max-snippet":"max-snippet:-1","max-image-preview":"max-image-preview:large","max-video-preview":"max-video-preview:-1"},"canonical":"https:\/\/www.fastmotion.at\/es\/imprimir\/","og_locale":"es_ES","og_type":"article","og_title":"Impressum","og_description":"Impressum FAST MOTION GmbHFilmproduktion mir Schwerpunkt auf Baustellen-Kamera und Langzeitzeitraffersysteme, Drohnenfilm und MotionzeitrafferGesch\u00e4ftsf\u00fchrung: Christoph GroppenbergerGleispachgasse 18045 Graz\u00d6sterreichFN 492646 fUID: ATU73406913T: +43 676 66 20 100E-mail: info@fastmotion.at \u00a0 Beh\u00f6rde gem. ECG:Magistrat der Stadt Graz AGBs Filmwirtschaft &gt;&gt; Link zur Datenschutzerkl\u00e4rung &gt;&gt; Mitglied der Wirtschaftskammer \u00d6sterreich in folgenden Fachverb\u00e4nden:\u2013 Fachgruppe Werbung und Marktkommunikation\u2013 Landesinnung Berufsfotografen\u2013 Fachverband der&hellip;","og_url":"https:\/\/www.fastmotion.at\/es\/imprimir\/","og_site_name":"Fast Motion Baustellen Kamera &amp; Baustellen Zeitraffer","article_publisher":"https:\/\/www.facebook.com\/fastmotionsystems\/","article_modified_time":"2024-08-02T10:34:19+00:00","og_image":[{"width":1200,"height":675,"url":"https:\/\/www.fastmotion.at\/fastmotion_dev\/wp-content\/uploads\/2023\/09\/fastmotion_baustellenkamera_25mp_100mp.jpg","type":"image\/jpeg"}],"twitter_card":"summary_large_image","twitter_misc":{"Tiempo de lectura":"1 minuto"},"schema":{"@context":"https:\/\/schema.org","@graph":[{"@type":"WebPage","@id":"https:\/\/www.fastmotion.at\/es\/impressum\/","url":"https:\/\/www.fastmotion.at\/es\/impressum\/","name":"Pie de imprenta - Fast Motion c\u00e1mara de obra y time-lapse de obra","isPartOf":{"@id":"https:\/\/www.fastmotion.at\/#website"},"datePublished":"2022-07-12T06:21:52+00:00","dateModified":"2024-08-02T10:34:19+00:00","breadcrumb":{"@id":"https:\/\/www.fastmotion.at\/es\/impressum\/#breadcrumb"},"inLanguage":"es","potentialAction":[{"@type":"ReadAction","target":["https:\/\/www.fastmotion.at\/es\/impressum\/"]}]},{"@type":"BreadcrumbList","@id":"https:\/\/www.fastmotion.at\/es\/impressum\/#breadcrumb","itemListElement":[{"@type":"ListItem","position":1,"name":"Home","item":"https:\/\/www.fastmotion.at\/es\/"},{"@type":"ListItem","position":2,"name":"Impressum"}]},{"@type":"WebSite","@id":"https:\/\/www.fastmotion.at\/#website","url":"https:\/\/www.fastmotion.at\/","name":"C\u00e1mara a c\u00e1mara r\u00e1pida para obras y lapso de tiempo en obras","description":"Los profesionales del time-lapse con 20 a\u00f1os de experiencia","publisher":{"@id":"https:\/\/www.fastmotion.at\/#organization"},"potentialAction":[{"@type":"SearchAction","target":{"@type":"EntryPoint","urlTemplate":"https:\/\/www.fastmotion.at\/?s={search_term_string}"},"query-input":{"@type":"PropertyValueSpecification","valueRequired":true,"valueName":"search_term_string"}}],"inLanguage":"es"},{"@type":"Organization","@id":"https:\/\/www.fastmotion.at\/#organization","name":"Fast Motion GmbH","url":"https:\/\/www.fastmotion.at\/","logo":{"@type":"ImageObject","inLanguage":"es","@id":"https:\/\/www.fastmotion.at\/#\/schema\/logo\/image\/","url":"https:\/\/www.fastmotion.at\/fastmotion_dev\/wp-content\/uploads\/2022\/07\/fastmotion_4c_NEU.svg","contentUrl":"https:\/\/www.fastmotion.at\/fastmotion_dev\/wp-content\/uploads\/2022\/07\/fastmotion_4c_NEU.svg","width":785,"height":396,"caption":"Fast Motion GmbH"},"image":{"@id":"https:\/\/www.fastmotion.at\/#\/schema\/logo\/image\/"},"sameAs":["https:\/\/www.facebook.com\/fastmotionsystems\/","https:\/\/instagram.com\/fastmotion.gmbh","https:\/\/www.linkedin.com\/company\/fast-motion-systems\/"],"description":"Su especialista internacional en c\u00e1maras de obra, time-lapse de obra y documentaci\u00f3n time-lapse en 2D y 3D REAL desde 6K\/25mp hasta 11K\/100mp de resoluci\u00f3n. C\u00e1mara para exteriores con WIFI v\u00eda 5G o sat\u00e9lite, almacenamiento en la nube, fotovoltaica, monitorizaci\u00f3n 24\/7, servicio todo incluido y posproducci\u00f3n profesional.","email":"info@fastmotion.at","telephone":"+436766620100","legalName":"Fast Motion GmbH","vatID":"ATU73406913"}]}},"_links":{"self":[{"href":"https:\/\/www.fastmotion.at\/es\/wp-json\/wp\/v2\/pages\/6334","targetHints":{"allow":["GET"]}}],"collection":[{"href":"https:\/\/www.fastmotion.at\/es\/wp-json\/wp\/v2\/pages"}],"about":[{"href":"https:\/\/www.fastmotion.at\/es\/wp-json\/wp\/v2\/types\/page"}],"author":[{"embeddable":true,"href":"https:\/\/www.fastmotion.at\/es\/wp-json\/wp\/v2\/users\/2"}],"replies":[{"embeddable":true,"href":"https:\/\/www.fastmotion.at\/es\/wp-json\/wp\/v2\/comments?post=6334"}],"version-history":[{"count":13,"href":"https:\/\/www.fastmotion.at\/es\/wp-json\/wp\/v2\/pages\/6334\/revisions"}],"predecessor-version":[{"id":17618,"href":"https:\/\/www.fastmotion.at\/es\/wp-json\/wp\/v2\/pages\/6334\/revisions\/17618"}],"wp:attachment":[{"href":"https:\/\/www.fastmotion.at\/es\/wp-json\/wp\/v2\/media?parent=6334"}],"curies":[{"name":"wp","href":"https:\/\/api.w.org\/{rel}","templated":true}]}}