{"id":6341,"date":"2022-07-12T06:26:54","date_gmt":"2022-07-12T06:26:54","guid":{"rendered":"https:\/\/dev.n2.agency\/fastmotion_dev\/?page_id=6341"},"modified":"2024-08-02T10:44:13","modified_gmt":"2024-08-02T10:44:13","slug":"privacy-statement","status":"publish","type":"page","link":"https:\/\/www.fastmotion.at\/en\/datenschutzerklaerung\/","title":{"rendered":"Privacy policy"},"content":{"rendered":"<div data-elementor-type=\"wp-page\" data-elementor-id=\"6341\" class=\"elementor elementor-6341\" data-elementor-post-type=\"page\">\n\t\t\t\t\t\t<section class=\"elementor-section elementor-top-section elementor-element elementor-element-2a5bd1e4 elementor-section-boxed elementor-section-height-default elementor-section-height-default\" data-id=\"2a5bd1e4\" data-element_type=\"section\" data-e-type=\"section\">\n\t\t\t\t\t\t<div class=\"elementor-container elementor-column-gap-wider\">\n\t\t\t\t\t<div class=\"elementor-column elementor-col-100 elementor-top-column elementor-element elementor-element-3f45c113\" data-id=\"3f45c113\" data-element_type=\"column\" data-e-type=\"column\">\n\t\t\t<div class=\"elementor-widget-wrap elementor-element-populated\">\n\t\t\t\t\t\t<div class=\"elementor-element elementor-element-ac6608e elementor-widget elementor-widget-heading\" data-id=\"ac6608e\" data-element_type=\"widget\" data-e-type=\"widget\" data-widget_type=\"heading.default\">\n\t\t\t\t<div class=\"elementor-widget-container\">\n\t\t\t\t\t<h1 class=\"elementor-heading-title elementor-size-default\">Declaration on the duty to inform<\/h1>\t\t\t\t<\/div>\n\t\t\t\t<\/div>\n\t\t\t\t<div class=\"elementor-element elementor-element-9680a17 elementor-widget elementor-widget-heading\" data-id=\"9680a17\" data-element_type=\"widget\" data-e-type=\"widget\" data-widget_type=\"heading.default\">\n\t\t\t\t<div class=\"elementor-widget-container\">\n\t\t\t\t\t<h4 class=\"elementor-heading-title elementor-size-small\">(Privacy Policy)<\/h4>\t\t\t\t<\/div>\n\t\t\t\t<\/div>\n\t\t\t\t<div class=\"elementor-element elementor-element-b96d792 elementor-widget elementor-widget-spacer\" data-id=\"b96d792\" data-element_type=\"widget\" data-e-type=\"widget\" data-widget_type=\"spacer.default\">\n\t\t\t\t<div class=\"elementor-widget-container\">\n\t\t\t\t\t\t\t<div class=\"elementor-spacer\">\n\t\t\t<div class=\"elementor-spacer-inner\"><\/div>\n\t\t<\/div>\n\t\t\t\t\t\t<\/div>\n\t\t\t\t<\/div>\n\t\t\t\t\t<\/div>\n\t\t<\/div>\n\t\t\t\t\t<\/div>\n\t\t<\/section>\n\t\t\t\t<section class=\"elementor-section elementor-top-section elementor-element elementor-element-7990a56b elementor-section-boxed elementor-section-height-default elementor-section-height-default\" data-id=\"7990a56b\" data-element_type=\"section\" data-e-type=\"section\">\n\t\t\t\t\t\t<div class=\"elementor-container elementor-column-gap-wider\">\n\t\t\t\t\t<div class=\"elementor-column elementor-col-100 elementor-top-column elementor-element elementor-element-278010c1\" data-id=\"278010c1\" data-element_type=\"column\" data-e-type=\"column\">\n\t\t\t<div class=\"elementor-widget-wrap elementor-element-populated\">\n\t\t\t\t\t\t<div class=\"elementor-element elementor-element-acf61da elementor-widget elementor-widget-spacer\" data-id=\"acf61da\" data-element_type=\"widget\" data-e-type=\"widget\" data-widget_type=\"spacer.default\">\n\t\t\t\t<div class=\"elementor-widget-container\">\n\t\t\t\t\t\t\t<div class=\"elementor-spacer\">\n\t\t\t<div class=\"elementor-spacer-inner\"><\/div>\n\t\t<\/div>\n\t\t\t\t\t\t<\/div>\n\t\t\t\t<\/div>\n\t\t\t\t<div class=\"elementor-element elementor-element-7b3cfad2 elementor-widget elementor-widget-text-editor\" data-id=\"7b3cfad2\" data-element_type=\"widget\" data-e-type=\"widget\" data-widget_type=\"text-editor.default\">\n\t\t\t\t<div class=\"elementor-widget-container\">\n\t\t\t\t\t\t\t\t\t<p>The protection of your personal data is of particular concern to us. We therefore process your data exclusively on the basis of the legal provisions (DSGVO, TKG 2003). In this data protection information, we inform you about the most important aspects of data processing within the scope of our website.<\/p><p><strong>Access data and server log files:<\/strong><br \/>The provider collects data about each access to the website, so-called server log files. This data includes: browser used, operating system, referring page, IP address, time of access, etc.<br \/>This data is only used for statistical evaluations and cannot be assigned to a specific person without checking further data sources. Provided that there is no illegal use of the website, this data will not be evaluated further.<\/p><p><strong>Handling of personal data:<\/strong><br \/>Personal data is information with which a person is identifiable and traceable, such as name, email address or telephone number. This also includes data about hobbies, memberships, preferences, etc.<\/p><p>Personal data is collected and used on this website only for the purpose stated in each case, stored securely and not passed on to third parties.<\/p><p><strong>Contact us:<\/strong><br \/>If you contact us by form on the website or by email, the data you provide will be stored by us for six months for the purpose of processing the request and in case of follow-up questions. We do not pass on this data without your consent.<\/p><p><strong>Cookies etc.:<\/strong><br \/>Cookies are small text files placed on a visitor's device by a website and are divided into three categories:<br \/>- necessary cookies to ensure a functioning website<br \/>- functional cookies to ensure the performance of the website<br \/>- targeted cookies to improve the user experience<\/p><p>When disabling cookies, the functionality of our website may be limited.<\/p><p><strong>Google Analytics:<\/strong><br \/>This website uses functions of the web analysis service Google Analytics. Google Analytics uses targeted cookies that are stored on the user's computer and allow an analysis of the use of the website. For more information on how Google Analytics handles user data, please see Google's privacy policy:\u00a0<a href=\"https:\/\/support.google.com\/analytics\/answer\/6004245?hl=de\">https:\/\/support.google.com\/analytics\/answer\/6004245?hl=de<\/a><\/p><p>You can prevent the collection of your data by this cookie and the processing of this data by downloading a browser plugin and installing it on your computer. You can find the plugin under the following link:\u00a0<a href=\"https:\/\/tools.google.com\/dlpage\/gaoptout?hl=de\">https:\/\/tools.google.com\/dlpage\/gaoptout?hl=de<\/a><\/p><p>On this website, the function \"Activation of IP anonymization\" is used, whereby your IP address is shortened by Google and thus anonymized.<\/p><p><strong>Google Maps:<\/strong><br \/>This website uses Google Maps for the display of map information. When using Google Maps, Google also collects, processes and uses data about the use of the Maps functions by visitors to the websites. More information about data processing by Google can be found in Google's privacy policy at\u00a0<a href=\"https:\/\/www.google.at\/intl\/de\/policies\/privacy\/\">https:\/\/www.google.at\/intl\/de\/policies\/privacy\/<\/a>\u00a0from the website. There you can also change your settings in the Privacy Center so that you can manage and protect your data.<\/p><p><strong>Social media cookies:<\/strong><br \/>Social media plugins are integrated on this page (recognizable by the respective symbols of Facebook, Twitter, Instagram and Co.) and thereby a direct connection between your browser and the social media servers is established. The social networks integrated on the page thereby receive information that the website was visited with this IP address.<br \/>Furthermore, the social networks can assign your visit to this page to your user account with the networks if you are logged in there. We have no knowledge of the content of the transmitted data and its use by the social networks. To prevent this assignment, you only need to log out of the social networks.<br \/>You can find more detailed information here:<br \/>Facebook:\u00a0<a href=\"https:\/\/www.facebook.com\/policy.php\">https:\/\/www.facebook.com\/policy.php<\/a><br \/>Instagram:\u00a0<a href=\"https:\/\/www.instagram.com\/about\/legal\/privacy\">https:\/\/www.instagram.com\/about\/legal\/privacy<\/a><\/p><p><strong>Your rights:<\/strong><br \/>You are generally entitled to the rights of information, correction, deletion, restriction, data portability, revocation and objection. If you believe that the processing of your data violates data protection law or your data protection rights have otherwise been violated in some way, you can complain to the supervisory authority. In Austria, this is the data protection authority.<\/p><p><strong>You can reach us at the following contact details:<\/strong><\/p><p>FAST MOTION GmbH<br \/>Gleispachgasse 1<br \/>A-8045 Graz<\/p><p>Tel.: +43 676 66 20 100<br \/>Email:\u00a0<a href=\"mailto:info@fastmotion.at\">info@fastmotion.at<\/a><\/p>\t\t\t\t\t\t\t\t<\/div>\n\t\t\t\t<\/div>\n\t\t\t\t\t<\/div>\n\t\t<\/div>\n\t\t\t\t\t<\/div>\n\t\t<\/section>\n\t\t\t\t<\/div>","protected":false},"excerpt":{"rendered":"<p>Declaration on the duty to inform (privacy policy) The protection of your personal data is of particular concern to us. We therefore process your data exclusively on the basis of the statutory provisions (GDPR, TKG 2003). In this data protection information, we inform you about the most important aspects of data processing on our website. Access data and server log files:The provider collects data about every access to the website...<\/p>","protected":false},"author":2,"featured_media":0,"parent":0,"menu_order":20,"comment_status":"closed","ping_status":"closed","template":"","meta":{"footnotes":""},"class_list":["post-6341","page","type-page","status-publish","hentry"],"yoast_head":"<!-- This site is optimized with the Yoast SEO Premium plugin v27.5 (Yoast SEO v27.5) - https:\/\/yoast.com\/product\/yoast-seo-premium-wordpress\/ -->\n<title>Datenschutzerkl\u00e4rung - Fast Motion Baustellen Kamera &amp; Baustellen Zeitraffer<\/title>\n<meta name=\"robots\" content=\"index, follow, max-snippet:-1, max-image-preview:large, max-video-preview:-1\" \/>\n<link rel=\"canonical\" href=\"https:\/\/www.fastmotion.at\/en\/privacy-statement\/\" \/>\n<meta property=\"og:locale\" content=\"en_US\" \/>\n<meta property=\"og:type\" content=\"article\" \/>\n<meta property=\"og:title\" content=\"Datenschutzerkl\u00e4rung\" \/>\n<meta property=\"og:description\" content=\"Erkl\u00e4rung zur Informationspflicht (Datenschutzerkl\u00e4rung) Der Schutz Ihrer pers\u00f6nlichen Daten ist uns ein besonderes Anliegen. Wir verarbeiten Ihre Daten daher ausschlie\u00dflich auf Grundlage der gesetzlichen Bestimmungen (DSGVO, TKG 2003). In diesen Datenschutzinformationen informieren wir Sie \u00fcber die wichtigsten Aspekte der Datenverarbeitung im Rahmen unserer Website. Zugriffsdaten und Server-Logfiles:Der Provider erhebt Daten \u00fcber jeden Zugriff auf die&hellip;\" \/>\n<meta property=\"og:url\" content=\"https:\/\/www.fastmotion.at\/en\/privacy-statement\/\" \/>\n<meta property=\"og:site_name\" content=\"Fast Motion Baustellen Kamera &amp; Baustellen Zeitraffer\" \/>\n<meta property=\"article:publisher\" content=\"https:\/\/www.facebook.com\/fastmotionsystems\/\" \/>\n<meta property=\"article:modified_time\" content=\"2024-08-02T10:44:13+00:00\" \/>\n<meta property=\"og:image\" content=\"https:\/\/www.fastmotion.at\/fastmotion_dev\/wp-content\/uploads\/2023\/09\/fastmotion_baustellenkamera_25mp_100mp.jpg\" \/>\n\t<meta property=\"og:image:width\" content=\"1200\" \/>\n\t<meta property=\"og:image:height\" content=\"675\" \/>\n\t<meta property=\"og:image:type\" content=\"image\/jpeg\" \/>\n<meta name=\"twitter:card\" content=\"summary_large_image\" \/>\n<meta name=\"twitter:label1\" content=\"Est. reading time\" \/>\n\t<meta name=\"twitter:data1\" content=\"4 minutes\" \/>\n<script type=\"application\/ld+json\" class=\"yoast-schema-graph\">{\"@context\":\"https:\\\/\\\/schema.org\",\"@graph\":[{\"@type\":\"WebPage\",\"@id\":\"https:\\\/\\\/www.fastmotion.at\\\/en\\\/datenschutzerklaerung\\\/\",\"url\":\"https:\\\/\\\/www.fastmotion.at\\\/en\\\/datenschutzerklaerung\\\/\",\"name\":\"Datenschutzerkl\u00e4rung - Fast Motion Baustellen Kamera &amp; Baustellen Zeitraffer\",\"isPartOf\":{\"@id\":\"https:\\\/\\\/www.fastmotion.at\\\/#website\"},\"datePublished\":\"2022-07-12T06:26:54+00:00\",\"dateModified\":\"2024-08-02T10:44:13+00:00\",\"breadcrumb\":{\"@id\":\"https:\\\/\\\/www.fastmotion.at\\\/en\\\/datenschutzerklaerung\\\/#breadcrumb\"},\"inLanguage\":\"en-US\",\"potentialAction\":[{\"@type\":\"ReadAction\",\"target\":[\"https:\\\/\\\/www.fastmotion.at\\\/en\\\/datenschutzerklaerung\\\/\"]}]},{\"@type\":\"BreadcrumbList\",\"@id\":\"https:\\\/\\\/www.fastmotion.at\\\/en\\\/datenschutzerklaerung\\\/#breadcrumb\",\"itemListElement\":[{\"@type\":\"ListItem\",\"position\":1,\"name\":\"Home\",\"item\":\"https:\\\/\\\/www.fastmotion.at\\\/en\\\/\"},{\"@type\":\"ListItem\",\"position\":2,\"name\":\"Datenschutzerkl\u00e4rung\"}]},{\"@type\":\"WebSite\",\"@id\":\"https:\\\/\\\/www.fastmotion.at\\\/#website\",\"url\":\"https:\\\/\\\/www.fastmotion.at\\\/\",\"name\":\"Fast Motion Baustellen Kamera & Baustellen Zeitraffer\",\"description\":\"Die Zeitraffer-Profis mit 20 Jahren Erfahrung\",\"publisher\":{\"@id\":\"https:\\\/\\\/www.fastmotion.at\\\/#organization\"},\"potentialAction\":[{\"@type\":\"SearchAction\",\"target\":{\"@type\":\"EntryPoint\",\"urlTemplate\":\"https:\\\/\\\/www.fastmotion.at\\\/?s={search_term_string}\"},\"query-input\":{\"@type\":\"PropertyValueSpecification\",\"valueRequired\":true,\"valueName\":\"search_term_string\"}}],\"inLanguage\":\"en-US\"},{\"@type\":\"Organization\",\"@id\":\"https:\\\/\\\/www.fastmotion.at\\\/#organization\",\"name\":\"Fast Motion GmbH\",\"url\":\"https:\\\/\\\/www.fastmotion.at\\\/\",\"logo\":{\"@type\":\"ImageObject\",\"inLanguage\":\"en-US\",\"@id\":\"https:\\\/\\\/www.fastmotion.at\\\/#\\\/schema\\\/logo\\\/image\\\/\",\"url\":\"https:\\\/\\\/www.fastmotion.at\\\/fastmotion_dev\\\/wp-content\\\/uploads\\\/2022\\\/07\\\/fastmotion_4c_NEU.svg\",\"contentUrl\":\"https:\\\/\\\/www.fastmotion.at\\\/fastmotion_dev\\\/wp-content\\\/uploads\\\/2022\\\/07\\\/fastmotion_4c_NEU.svg\",\"width\":785,\"height\":396,\"caption\":\"Fast Motion GmbH\"},\"image\":{\"@id\":\"https:\\\/\\\/www.fastmotion.at\\\/#\\\/schema\\\/logo\\\/image\\\/\"},\"sameAs\":[\"https:\\\/\\\/www.facebook.com\\\/fastmotionsystems\\\/\",\"https:\\\/\\\/instagram.com\\\/fastmotion.gmbh\",\"https:\\\/\\\/www.linkedin.com\\\/company\\\/fast-motion-systems\\\/\"],\"description\":\"Ihr international t\u00e4tiger Spezialist f\u00fcr Baustellenkameras, Baustellenzeitraffer und Zeitrafferdoku in 2D und REAL 3D ab 6K\\\/25mp bis 11K\\\/100mp Aufl\u00f6sung. Outdoorkamera mit WIFI \u00fcber 5G oder Satellit, Cloud Speicher, Photovoltaik, 24\\\/7 \u00dcberwachung, All-Inclusive-Service und professioneller Postproduktion.\",\"email\":\"info@fastmotion.at\",\"telephone\":\"+436766620100\",\"legalName\":\"Fast Motion GmbH\",\"vatID\":\"ATU73406913\"}]}<\/script>\n<!-- \/ Yoast SEO Premium plugin. -->","yoast_head_json":{"title":"Privacy Policy - Fast Motion Construction Site Camera &amp; Construction Site Time Lapse","robots":{"index":"index","follow":"follow","max-snippet":"max-snippet:-1","max-image-preview":"max-image-preview:large","max-video-preview":"max-video-preview:-1"},"canonical":"https:\/\/www.fastmotion.at\/en\/privacy-statement\/","og_locale":"en_US","og_type":"article","og_title":"Datenschutzerkl\u00e4rung","og_description":"Erkl\u00e4rung zur Informationspflicht (Datenschutzerkl\u00e4rung) Der Schutz Ihrer pers\u00f6nlichen Daten ist uns ein besonderes Anliegen. Wir verarbeiten Ihre Daten daher ausschlie\u00dflich auf Grundlage der gesetzlichen Bestimmungen (DSGVO, TKG 2003). In diesen Datenschutzinformationen informieren wir Sie \u00fcber die wichtigsten Aspekte der Datenverarbeitung im Rahmen unserer Website. Zugriffsdaten und Server-Logfiles:Der Provider erhebt Daten \u00fcber jeden Zugriff auf die&hellip;","og_url":"https:\/\/www.fastmotion.at\/en\/privacy-statement\/","og_site_name":"Fast Motion Baustellen Kamera &amp; Baustellen Zeitraffer","article_publisher":"https:\/\/www.facebook.com\/fastmotionsystems\/","article_modified_time":"2024-08-02T10:44:13+00:00","og_image":[{"width":1200,"height":675,"url":"https:\/\/www.fastmotion.at\/fastmotion_dev\/wp-content\/uploads\/2023\/09\/fastmotion_baustellenkamera_25mp_100mp.jpg","type":"image\/jpeg"}],"twitter_card":"summary_large_image","twitter_misc":{"Est. reading time":"4 minutes"},"schema":{"@context":"https:\/\/schema.org","@graph":[{"@type":"WebPage","@id":"https:\/\/www.fastmotion.at\/en\/datenschutzerklaerung\/","url":"https:\/\/www.fastmotion.at\/en\/datenschutzerklaerung\/","name":"Privacy Policy - Fast Motion Construction Site Camera &amp; Construction Site Time Lapse","isPartOf":{"@id":"https:\/\/www.fastmotion.at\/#website"},"datePublished":"2022-07-12T06:26:54+00:00","dateModified":"2024-08-02T10:44:13+00:00","breadcrumb":{"@id":"https:\/\/www.fastmotion.at\/en\/datenschutzerklaerung\/#breadcrumb"},"inLanguage":"en-US","potentialAction":[{"@type":"ReadAction","target":["https:\/\/www.fastmotion.at\/en\/datenschutzerklaerung\/"]}]},{"@type":"BreadcrumbList","@id":"https:\/\/www.fastmotion.at\/en\/datenschutzerklaerung\/#breadcrumb","itemListElement":[{"@type":"ListItem","position":1,"name":"Home","item":"https:\/\/www.fastmotion.at\/en\/"},{"@type":"ListItem","position":2,"name":"Datenschutzerkl\u00e4rung"}]},{"@type":"WebSite","@id":"https:\/\/www.fastmotion.at\/#website","url":"https:\/\/www.fastmotion.at\/","name":"Fast Motion Construction Site Camera &amp; Construction Site Time Lapse","description":"The time-lapse professionals with 20 years of experience","publisher":{"@id":"https:\/\/www.fastmotion.at\/#organization"},"potentialAction":[{"@type":"SearchAction","target":{"@type":"EntryPoint","urlTemplate":"https:\/\/www.fastmotion.at\/?s={search_term_string}"},"query-input":{"@type":"PropertyValueSpecification","valueRequired":true,"valueName":"search_term_string"}}],"inLanguage":"en-US"},{"@type":"Organization","@id":"https:\/\/www.fastmotion.at\/#organization","name":"Fast Motion GmbH","url":"https:\/\/www.fastmotion.at\/","logo":{"@type":"ImageObject","inLanguage":"en-US","@id":"https:\/\/www.fastmotion.at\/#\/schema\/logo\/image\/","url":"https:\/\/www.fastmotion.at\/fastmotion_dev\/wp-content\/uploads\/2022\/07\/fastmotion_4c_NEU.svg","contentUrl":"https:\/\/www.fastmotion.at\/fastmotion_dev\/wp-content\/uploads\/2022\/07\/fastmotion_4c_NEU.svg","width":785,"height":396,"caption":"Fast Motion GmbH"},"image":{"@id":"https:\/\/www.fastmotion.at\/#\/schema\/logo\/image\/"},"sameAs":["https:\/\/www.facebook.com\/fastmotionsystems\/","https:\/\/instagram.com\/fastmotion.gmbh","https:\/\/www.linkedin.com\/company\/fast-motion-systems\/"],"description":"Your international specialist for construction site cameras, construction site time-lapse and time-lapse documentary in 2D and REAL 3D from 6K\/25mp to 11K\/100mp resolution. Outdoor camera with WIFI via 5G or satellite, cloud storage, photovoltaics, 24\/7 monitoring, all-inclusive service and professional post-production.","email":"info@fastmotion.at","telephone":"+436766620100","legalName":"Fast Motion GmbH","vatID":"ATU73406913"}]}},"_links":{"self":[{"href":"https:\/\/www.fastmotion.at\/en\/wp-json\/wp\/v2\/pages\/6341","targetHints":{"allow":["GET"]}}],"collection":[{"href":"https:\/\/www.fastmotion.at\/en\/wp-json\/wp\/v2\/pages"}],"about":[{"href":"https:\/\/www.fastmotion.at\/en\/wp-json\/wp\/v2\/types\/page"}],"author":[{"embeddable":true,"href":"https:\/\/www.fastmotion.at\/en\/wp-json\/wp\/v2\/users\/2"}],"replies":[{"embeddable":true,"href":"https:\/\/www.fastmotion.at\/en\/wp-json\/wp\/v2\/comments?post=6341"}],"version-history":[{"count":7,"href":"https:\/\/www.fastmotion.at\/en\/wp-json\/wp\/v2\/pages\/6341\/revisions"}],"predecessor-version":[{"id":17625,"href":"https:\/\/www.fastmotion.at\/en\/wp-json\/wp\/v2\/pages\/6341\/revisions\/17625"}],"wp:attachment":[{"href":"https:\/\/www.fastmotion.at\/en\/wp-json\/wp\/v2\/media?parent=6341"}],"curies":[{"name":"wp","href":"https:\/\/api.w.org\/{rel}","templated":true}]}}